{"id":785,"date":"2024-10-23T12:03:37","date_gmt":"2024-10-23T12:03:37","guid":{"rendered":"https:\/\/beta.saonajoies.com\/?page_id=785"},"modified":"2025-03-20T10:13:54","modified_gmt":"2025-03-20T10:13:54","slug":"aviso-legal","status":"publish","type":"page","link":"https:\/\/saonajoies.com\/es\/aviso-legal\/","title":{"rendered":"Aviso legal"},"content":{"rendered":"<p>Esta p\u00e1gina web ofrece informaci\u00f3n acerca del espacio y de los servicios de Saona Joies, ahora en adelante el propietario. El acceso a la web https:\/\/saonajoies.com le atribuye la condici\u00f3n de USUARIO e implica su aceptaci\u00f3n plena y sin reserva, desde dicho acceso, de la presente nota legal. Por ello, aconsejamos que proceda a la lectura de este documento, antes de utilizar las funcionalidades ofrecidas por este sitio Web, as\u00ed como cada vez que acceda a \u00e9l, ya que nos reservamos el derecho de cambiar, modificar, a\u00f1adir o eliminar en cualquier momento parte de estas condiciones. El mero acceso a la p\u00e1gina no supone en ning\u00fan caso la existencia de una relaci\u00f3n comercial entre el usuario y la web.<\/p>\n<h3>1. Titular de la web<\/h3>\n<p>A los efectos de lo previsto por el Art. 10 de la Ley 34\/ 2002, de 11 de julio, de Servicios de la Sociedad de la Informaci\u00f3n y de Comercio Electr\u00f3nico, se proporciona la siguiente informaci\u00f3n sobre la titular de esta Web:<\/p>\n<p>\u2013 Titular de la Web: L\u00eddia Bosch Bauz\u00e0<\/p>\n<p>\u2013 Domicilio social: C\/ Quarter 77 bxs B \u2013 07190 \u2013 Esporles (Balears)<\/p>\n<p>\u2013 CIF: 43204291X<\/p>\n<p>Adem\u00e1s del domicilio social, se pone a disposici\u00f3n de los usuarios los siguientes canales para dirigir sus peticiones, cuestiones o reclamaciones:<br \/>\u2013 Formulario de contacto de la web<\/p>\n<p>\u2013 info(a)saonajoies.com (susbtituir \u201c(a)\u201d por \u201c@\u201d)<\/p>\n<h3>2. Pol\u00edtica de privacidad<\/h3>\n<p>A los efectos de lo previsto por el Reglamento (UE) 2016\/679 del Parlamento Europeo y Del Consejo de 27 de Abril de 2016 (en adelante, R.G.P.D), relativo a la protecci\u00f3n de las personas f\u00edsicas en lo que respecta al tratamiento de datos personales y libre circulaci\u00f3n de esos datos se le informa de que los datos personales que se recogen en esta Web ser\u00e1n incorporados a ficheros cuya responsabilidad recae sobre el propietario y ser\u00e1n tratados para la utilizaci\u00f3n de las herramientas de administraci\u00f3n, tramitar sus solicitudes, atender sus sugerencias o quejas, as\u00ed como para mejorar la calidad de la web y de nuestros servicios. De manera general, se informa de que los campos de los formularios de la web se\u00f1alados como obligatorios, deber\u00e1n necesariamente cumplimentarse para la correcta tramitaci\u00f3n de sus solicitudes. Los interesados podr\u00e1n ejercitar sus derechos de acceso, rectificaci\u00f3n y cancelaci\u00f3n de su informaci\u00f3n personal, as\u00ed como \u00e9l de oposici\u00f3n a su tratamiento, mediante escrito acompa\u00f1ado de un copia de su DNI o pasaporte y dirigido a nuestro domicilio o al correo antes mencionado.<br \/>El tiempo en el que mantenemos la informaci\u00f3n que recogemos sobre ti depende de la finalidad para la que se trate. Todos los afectados por nuestros tratamiento de datos podr\u00e1n, en caso de no estar de acuerdo, plantear una reclamaci\u00f3n ante la A.E.P.D.<\/p>\n<h3>3. Cookies y datos de navegaci\u00f3n<\/h3>\n<p>Las cookies que empleamos son an\u00f3nimas y no nos permite por s\u00ed solas identificar a un usuario concreto. Utilizamos cookies de \u00edndole t\u00e9cnico necesarios para establecer la conexi\u00f3n a la web y prestar los servicios solicitados por nuestros usuarios. Igualmente empleamos cookies y tratamos datos generados por la navegaci\u00f3n para realizar estad\u00edsticas y analizar la actividad de la web con la finalidad de mejorar su contenido y ajustarlo a las preferencias de nuestros visitantes. En caso de utilizar nuestra web sin proceder a la desactivaci\u00f3n de las cookies en su navegador, manifiesta su consentimiento para la instalaci\u00f3n de las mismas. Puede encontrar m\u00e1s informaci\u00f3n sobre las cookies que empleamos, as\u00ed como sobre la manera de desactivarlas en nuestra pol\u00edtica sobre el uso de cookies disponible en la home page.<\/p>\n<h3>4. Condiciones de uso<\/h3>\n<p>Los Usuarios se comprometen a utilizar esta Web de forma l\u00edcita, de acuerdo con lo dispuesto en las presentes condiciones y de forma que no produzcan un perjuicio en los derechos o intereses de el propietario o de terceros. Se proh\u00edbe expresamente la utilizaci\u00f3n de los datos publicados en la web para la realizaci\u00f3n de actividades il\u00edcitas, ilegales o contrarias a la buena fe y al orden p\u00fablico, o de env\u00edo masivo de correo no solicitado (spam).<\/p>\n<p>Esta Web se proporciona \u201ctal como est\u00e1\u201d y su uso se realiza bajo el propio riesgo del Usuario, por lo que, ni el propietario, ni sus administradores, trabajadores, proveedores o colaboradores ser\u00e1n responsables por los da\u00f1os, de cualquier naturaleza, directos o no, que deriven del uso de la Web, excluyendo expresamente el propietario, en toda la medida prevista por la Ley, cualquier tipo de garant\u00edas, ya sean expresas o impl\u00edcitas. El propietario no garantiza la disponibilidad y accesibilidad de la Web, si bien realizar\u00e1 todos los esfuerzos que sean razonables en este sentido. En ocasiones, podr\u00e1n producirse interrupciones por el tiempo que resulte necesario para la realizaci\u00f3n de las correspondientes operaciones de mantenimiento. El propietario no se responsabiliza de posibles da\u00f1os derivados de interferencias, interrupciones, virus inform\u00e1ticos, aver\u00edas telef\u00f3nicas o desconexiones telef\u00f3nicas motivadas por causas ajenas a la citada entidad; de retrasos o bloqueos en el uso del presente sistema electr\u00f3nico causados por deficiencias o sobrecargas en el centro procesador de datos, de l\u00edneas telef\u00f3nicas, en el sistema de Internet o en otros sistemas el\u00e9ctricos; ni tampoco de cualquier otra alteraci\u00f3n que se pueda producir en el Software o Hardware de los Usuarios. Tampoco garantiza la ausencia de virus, malwares, troyanos u otros elementos que puedan producir alteraciones en el sistema inform\u00e1tico, documentos o ficheros del Usuario, excluyendo cualquier responsabilidad por los da\u00f1os de cualquier clase causados al Usuario por este motivo. De igual manera, el propietario no responder\u00e1 por los da\u00f1os causados por terceras personas mediante intromisiones ileg\u00edtimas fuera de su control. Tampoco responder\u00e1 de los da\u00f1os y perjuicios causados por el uso o mala utilizaci\u00f3n de los contenidos de la Web, ni por las consecuencias que pudieran derivarse de los errores, defectos u omisiones en los contenidos proporcionados por terceros y que pudieran aparecer en esta p\u00e1gina. El propietario no asume obligaci\u00f3n ni responsabilidad alguna respecto de aquellos servicios que no preste directamente.<\/p>\n<p>En ning\u00fan caso el propietario asumir\u00e1 responsabilidad alguna por los contenidos de los enlaces pertenecientes a un sitio web ajeno, ni garantizar\u00e1 la disponibilidad t\u00e9cnica, calidad, fiabilidad, exactitud, amplitud, veracidad, validez y legalidad de cualquier material o informaci\u00f3n contenida en ninguno de dichos hiperv\u00ednculos u otros sitios de Internet. Igualmente la inclusi\u00f3n de estas conexiones externas no implicar\u00e1 ning\u00fan tipo de asociaci\u00f3n, fusi\u00f3n o participaci\u00f3n con las entidades conectadas.<\/p>\n<p>En caso de que una cl\u00e1usula de las presentes condiciones de uso fuese declarada nula, s\u00f3lo afectar\u00e1 a dicha disposici\u00f3n o a aquella parte que as\u00ed haya sido declarada, subsistiendo las condiciones en todo lo dem\u00e1s y teni\u00e9ndose tal disposici\u00f3n, o la parte afectada, por no puesta.<\/p>\n<p>El acceso a la Web y su utilizaci\u00f3n implican necesariamente que todas y cada una de las presentes condiciones son expresamente aceptadas por usted<\/p>\n<h3>5. Propiedad intelectual y derechos de autor<\/h3>\n<p>Sin perjuicio de los contenidos sobre los cuales terceros ostentasen derechos intelectuales, los derechos de propiedad intelectual de la Web, el nombre de dominio, su c\u00f3digo fuente, dise\u00f1o y estructura de navegaci\u00f3n y elementos en \u00e9l contenidos (a t\u00edtulo enunciativo, im\u00e1genes, sonido, audio, v\u00eddeo, software, o textos; marcas o logotipos, combinaciones de colores, estructura y dise\u00f1o, etc.) son titularidad del propietario, a quien corresponde el ejercicio exclusivo de los derechos de explotaci\u00f3n de los mismos en cualquier forma, y, en especial los derechos de reproducci\u00f3n, distribuci\u00f3n, comunicaci\u00f3n p\u00fablica y transformaci\u00f3n, conforme a lo previsto por la vigente Ley de Propiedad Intelectual. Quedan expresamente prohibidas la reproducci\u00f3n, distribuci\u00f3n y la comunicaci\u00f3n p\u00fablica, incluida su modalidad de puesta a disposici\u00f3n, de la totalidad o parte de los contenidos de esta p\u00e1gina web en cualquier soporte y por cualquier medio t\u00e9cnico, sin la autorizaci\u00f3n del propietario o, en su caso, de los terceros que ostenten los derechos de propiedad intelectual o de autor sobre los contenidos afectados. No obstante lo anterior, el usuario de la web podr\u00e1 visualizar los elementos de esta Web e incluso imprimirlos, copiarlos y almacenarlos en el disco duro de su ordenador o en cualquier otro soporte f\u00edsico siempre y cuando sea, \u00fanica y exclusivamente, para su uso personal y privado. Aquellas entidades o personas que, previa autorizaci\u00f3n del titular de esta web, pretendan establecer un enlace con ella, deber\u00e1n garantizar que \u00fanicamente permite el acceso a esta p\u00e1gina o servicio pero que no realiza reproducci\u00f3n de sus contenidos y servicios.<\/p>\n<h3>6. Jurisdicci\u00f3n y ley aplicable<\/h3>\n<p>La presente p\u00e1gina web se regir\u00e1 por la ley espa\u00f1ola con exclusi\u00f3n de sus reglas de conflicto de ley. Sin perjuicio de los derechos reconocidos a los consumidores en materia de competencia jurisdiccional por el Real Decreto Legislativo 1\/2007, de 16 de noviembre, cualquier controversia que pudiera derivarse de la utilizaci\u00f3n de la Web o de los servicios vinculados a la misma se someter\u00e1 a la jurisdicci\u00f3n y competencia de los Juzgados y Tribunales atendiendo al domicilio de la titular de esta Web, renunciando expresamente los usuarios a su fuero propio si lo tuvieran.<\/p>\n","protected":false},"excerpt":{"rendered":"<p>Esta p\u00e1gina web ofrece informaci\u00f3n acerca del espacio y de los servicios de Saona Joies, ahora en adelante el propietario. El acceso a la web https:\/\/saonajoies.com le atribuye la condici\u00f3n de USUARIO e implica su aceptaci\u00f3n plena y sin reserva, desde dicho acceso, de la presente nota legal. Por ello, aconsejamos que proceda a la [&hellip;]<\/p>\n","protected":false},"author":1,"featured_media":0,"parent":0,"menu_order":0,"comment_status":"closed","ping_status":"closed","template":"elementor_header_footer","meta":{"footnotes":""},"class_list":["post-785","page","type-page","status-publish","hentry"],"aioseo_notices":[],"_links":{"self":[{"href":"https:\/\/saonajoies.com\/es\/wp-json\/wp\/v2\/pages\/785","targetHints":{"allow":["GET"]}}],"collection":[{"href":"https:\/\/saonajoies.com\/es\/wp-json\/wp\/v2\/pages"}],"about":[{"href":"https:\/\/saonajoies.com\/es\/wp-json\/wp\/v2\/types\/page"}],"author":[{"embeddable":true,"href":"https:\/\/saonajoies.com\/es\/wp-json\/wp\/v2\/users\/1"}],"replies":[{"embeddable":true,"href":"https:\/\/saonajoies.com\/es\/wp-json\/wp\/v2\/comments?post=785"}],"version-history":[{"count":22,"href":"https:\/\/saonajoies.com\/es\/wp-json\/wp\/v2\/pages\/785\/revisions"}],"predecessor-version":[{"id":2287,"href":"https:\/\/saonajoies.com\/es\/wp-json\/wp\/v2\/pages\/785\/revisions\/2287"}],"wp:attachment":[{"href":"https:\/\/saonajoies.com\/es\/wp-json\/wp\/v2\/media?parent=785"}],"curies":[{"name":"wp","href":"https:\/\/api.w.org\/{rel}","templated":true}]}}