{"id":6275,"date":"2025-05-08T15:52:55","date_gmt":"2025-05-08T15:52:55","guid":{"rendered":"https:\/\/saonajoies.com\/?page_id=6275"},"modified":"2025-05-08T15:58:21","modified_gmt":"2025-05-08T15:58:21","slug":"talleres","status":"publish","type":"page","link":"https:\/\/saonajoies.com\/es\/talleres\/","title":{"rendered":"Talleres"},"content":{"rendered":"\t\t<div data-elementor-type=\"wp-page\" data-elementor-id=\"6275\" class=\"elementor elementor-6275\">\n\t\t\t\t<div class=\"elementor-element elementor-element-948e684 e-flex e-con-boxed e-con e-parent\" data-id=\"948e684\" data-element_type=\"container\">\n\t\t\t\t\t<div class=\"e-con-inner\">\n\t\t\t\t<div class=\"elementor-element elementor-element-7a091ae elementor-widget elementor-widget-wdt-heading\" data-id=\"7a091ae\" data-element_type=\"widget\" data-settings=\"{&quot;title_vertical_align&quot;:&quot;center&quot;,&quot;subtitle_vertical_align&quot;:&quot;center&quot;,&quot;wdt_animation_effect&quot;:&quot;none&quot;}\" data-widget_type=\"wdt-heading.default\">\n\t\t\t\t<div class=\"elementor-widget-container\">\n\t\t\t\t\t<div class=\"wdt-heading-holder \" id=\"wdt-heading-7a091ae\"><div class=\"wdt-heading-subtitle-wrapper wdt-heading-align-center \"><span class=\"wdt-heading-subtitle\">Talleres<\/span><\/div><h2 class=\"wdt-heading-title-wrapper wdt-heading-align-center wdt-heading-deco-wrapper\"><span class=\"wdt-heading-title\">Crea tus propias joyas a mano en Mallorca<\/span><\/h2><\/div>\t\t\t\t<\/div>\n\t\t\t\t<\/div>\n\t\t\t\t\t<\/div>\n\t\t\t\t<\/div>\n\t\t<div class=\"elementor-element elementor-element-8efdcdd e-grid e-con-full e-con e-parent\" data-id=\"8efdcdd\" data-element_type=\"container\">\n\t\t\t\t<div class=\"elementor-element elementor-element-b80b9ba elementor-invisible elementor-widget elementor-widget-image\" data-id=\"b80b9ba\" data-element_type=\"widget\" data-settings=\"{&quot;_animation&quot;:&quot;slideInLeft&quot;,&quot;wdt_animation_effect&quot;:&quot;none&quot;}\" data-widget_type=\"image.default\">\n\t\t\t\t<div class=\"elementor-widget-container\">\n\t\t\t\t\t\t\t\t\t\t\t\t\t\t\t<img fetchpriority=\"high\" decoding=\"async\" width=\"1365\" height=\"1222\" src=\"https:\/\/saonajoies.com\/wp-content\/uploads\/2025\/05\/saona.joies_taller_penjolls-23-1-e1746718865873.jpg\" class=\"attachment-full size-full wp-image-6371\" alt=\"\" srcset=\"https:\/\/saonajoies.com\/wp-content\/uploads\/2025\/05\/saona.joies_taller_penjolls-23-1-e1746718865873.jpg 1365w, https:\/\/saonajoies.com\/wp-content\/uploads\/2025\/05\/saona.joies_taller_penjolls-23-1-e1746718865873-300x269.jpg 300w, https:\/\/saonajoies.com\/wp-content\/uploads\/2025\/05\/saona.joies_taller_penjolls-23-1-e1746718865873-1024x917.jpg 1024w, https:\/\/saonajoies.com\/wp-content\/uploads\/2025\/05\/saona.joies_taller_penjolls-23-1-e1746718865873-768x688.jpg 768w, https:\/\/saonajoies.com\/wp-content\/uploads\/2025\/05\/saona.joies_taller_penjolls-23-1-e1746718865873-1000x895.jpg 1000w\" sizes=\"(max-width: 1365px) 100vw, 1365px\" \/>\t\t\t\t\t\t\t\t\t\t\t\t\t\t\t<\/div>\n\t\t\t\t<\/div>\n\t\t\t\t<div class=\"elementor-element elementor-element-4da62cf elementor-invisible elementor-widget elementor-widget-image\" data-id=\"4da62cf\" data-element_type=\"widget\" data-settings=\"{&quot;_animation&quot;:&quot;slideInRight&quot;,&quot;wdt_animation_effect&quot;:&quot;none&quot;}\" data-widget_type=\"image.default\">\n\t\t\t\t<div class=\"elementor-widget-container\">\n\t\t\t\t\t\t\t\t\t\t\t\t\t\t\t<img decoding=\"async\" width=\"1527\" height=\"1364\" src=\"https:\/\/saonajoies.com\/wp-content\/uploads\/2025\/05\/saona.joies_taller_penjolls-05-e1746719551318.jpg\" class=\"attachment-full size-full wp-image-6383\" alt=\"\" srcset=\"https:\/\/saonajoies.com\/wp-content\/uploads\/2025\/05\/saona.joies_taller_penjolls-05-e1746719551318.jpg 1527w, https:\/\/saonajoies.com\/wp-content\/uploads\/2025\/05\/saona.joies_taller_penjolls-05-e1746719551318-300x268.jpg 300w, https:\/\/saonajoies.com\/wp-content\/uploads\/2025\/05\/saona.joies_taller_penjolls-05-e1746719551318-768x686.jpg 768w, https:\/\/saonajoies.com\/wp-content\/uploads\/2025\/05\/saona.joies_taller_penjolls-05-e1746719551318-1024x915.jpg 1024w, https:\/\/saonajoies.com\/wp-content\/uploads\/2025\/05\/saona.joies_taller_penjolls-05-e1746719551318-1000x893.jpg 1000w\" sizes=\"(max-width: 1527px) 100vw, 1527px\" \/>\t\t\t\t\t\t\t\t\t\t\t\t\t\t\t<\/div>\n\t\t\t\t<\/div>\n\t\t\t\t<\/div>\n\t\t<div class=\"elementor-element elementor-element-49c2597 e-con-full e-flex e-con e-parent\" data-id=\"49c2597\" data-element_type=\"container\">\n\t\t\t\t<div class=\"elementor-element elementor-element-44e2a96 elementor-widget elementor-widget-wdt-heading\" data-id=\"44e2a96\" data-element_type=\"widget\" data-settings=\"{&quot;title_vertical_align&quot;:&quot;center&quot;,&quot;subtitle_vertical_align&quot;:&quot;center&quot;,&quot;wdt_animation_effect&quot;:&quot;none&quot;}\" data-widget_type=\"wdt-heading.default\">\n\t\t\t\t<div class=\"elementor-widget-container\">\n\t\t\t\t\t<div class=\"wdt-heading-holder \" id=\"wdt-heading-44e2a96\"><div class=\"wdt-heading-subtitle-wrapper wdt-heading-align-center \"><span class=\"wdt-heading-subtitle\">talleres disponibles<\/span><\/div><h3 class=\"wdt-heading-title-wrapper wdt-heading-align-center wdt-heading-deco-wrapper\"><span class=\"wdt-heading-title\">Elige la fecha que te vaya mejor o un vale de regalo v\u00e1lido todo el 2025<\/span><\/h3><\/div>\t\t\t\t<\/div>\n\t\t\t\t<\/div>\n\t\t\t\t<\/div>\n\t\t<div class=\"elementor-element elementor-element-f5ad1b0 e-flex e-con-boxed e-con e-parent\" data-id=\"f5ad1b0\" data-element_type=\"container\">\n\t\t\t\t\t<div class=\"e-con-inner\">\n\t\t\t\t<div class=\"elementor-element elementor-element-e20f329 elementor-widget elementor-widget-wdt-shop-products\" data-id=\"e20f329\" data-element_type=\"widget\" data-settings=\"{&quot;wdt_animation_effect&quot;:&quot;none&quot;}\" data-widget_type=\"wdt-shop-products.default\">\n\t\t\t\t<div class=\"elementor-widget-container\">\n\t\t\t\t\t<div class=\"wdt-products-container woocommerce   wdt-products-carousel-e20f329\" ><ul class=\"products  product-style-default product-hover-secimage-fade product-with-space product-padding-default wdt-cus-product-type-3 true product-label-boxed thumb false product-thumb-alignment-bottom product-thumb-iconsgroup-position-vertical vertical-position-top-right product-thumb-iconsgroup-style-bgfill-square product-thumb-buttonelement-style-simple product-thumb-buttonelement-stretch product-content-alignment-center product-content-iconsgroup-style-simple product-content-buttonelement-style-simple column-4 \"><li class=\"product isotope-grid-sizer\"><div class=\"wdt-col wdt-col-xs-12 wdt-col-sm-6 wdt-col-md-6 wdt-col-qxlg-4 wdt-col-hxlg-3 wdt-col-lg-3\"><\/div><\/li><li class=\"product-grid-view product type-product post-4953 status-publish first outofstock product_cat-bolsos product_tag-bolsos has-post-thumbnail sale shipping-taxable purchasable product-type-simple\">\n\t<div class=\"wdt-col wdt-col-xs-12 wdt-col-sm-6 wdt-col-md-6 wdt-col-qxlg-4 wdt-col-hxlg-3 wdt-col-lg-3\"><div class=\"product-wrapper\" ><div class=\"product-thumb\"><a class=\"image\" href=\"https:\/\/saonajoies.com\/es\/producto\/bolsa-joana-turquesa\/\" title=\"Bolsa Joana Turquesa\"><div class=\"product-thumb-overlay\" ><\/div><div class=\"product-labels\"><span class=\"out-of-stock\"><span>Sold Out<\/span><\/span><\/div><div class=\"product-offers\"><span class=\"product-saved-sale\"><span>20%<\/span> off<\/span><\/div><div class=\"primary-image\"><img decoding=\"async\" src=\"https:\/\/saonajoies.com\/wp-content\/uploads\/2025\/01\/bossa-turquesa-03-1000x1000.jpg\" alt=\"Shop Primary Image\" title=\"Shop Primary Image\" \/><\/div><\/a><div class=\"product-thumb-content\" ><div class=\"product-buttons-wrapper product-icons\"><div class=\"wc_inline_buttons\"><div class=\"wcqv_btn_wrapper wc_btn_inline\" data-tooltip=\"Quick View\"><a href=\"#\" class=\"button yith-wcqv-button\" data-product_id=\"4953\">Quick View<\/a><\/div><\/div><\/div><div class=\"product-buttons-wrapper product-button\"><div class=\"wc_inline_buttons\"><div class=\"wcct_btn_wrapper wc_btn_inline\" data-tooltip=\"Add To Cart\"><a href=\"https:\/\/saonajoies.com\/es\/producto\/bolsa-joana-turquesa\/\" aria-describedby=\"woocommerce_loop_add_to_cart_link_describedby_4953\" data-quantity=\"1\" class=\"wdt-button too-small button product_type_simple\" data-product_id=\"4953\" data-product_sku=\"040\" aria-label=\"Lee m\u00e1s sobre &ldquo;Bolsa Joana Turquesa&rdquo;\" rel=\"nofollow\" data-success_message=\"\">Leer m\u00e1s<\/a>\t<span id=\"woocommerce_loop_add_to_cart_link_describedby_4953\" class=\"wdt-button too-small screen-reader-text\">\n\t\t\t<\/span>\n<\/div><\/div><\/div><\/div><\/div><div class=\"product-details\"><div class=\"product-category-wrapper\"><a href=\"https:\/\/saonajoies.com\/es\/categoria-producto\/bolsos\/\" rel=\"tag\">Bolsos<\/a><\/div><div class=\"product-title\"><h5><a href=\"https:\/\/saonajoies.com\/es\/producto\/bolsa-joana-turquesa\/\">Bolsa Joana Turquesa<\/a><\/h5><\/div><div class=\"product-price\"><span class=\"price\"><del aria-hidden=\"true\"><span class=\"woocommerce-Price-amount amount\"><bdi>80,00&nbsp;<span class=\"woocommerce-Price-currencySymbol\">&euro;<\/span><\/bdi><\/span><\/del> <span class=\"screen-reader-text\">El precio original era: 80,00&nbsp;&euro;.<\/span><ins aria-hidden=\"true\"><span class=\"woocommerce-Price-amount amount\"><bdi>64,00&nbsp;<span class=\"woocommerce-Price-currencySymbol\">&euro;<\/span><\/bdi><\/span><\/ins><span class=\"screen-reader-text\">El precio actual es: 64,00&nbsp;&euro;.<\/span><\/span><\/div><\/div><\/div><\/div><\/li>\n<li class=\"product-grid-view product type-product post-4952 status-publish instock product_cat-bolsos product_tag-bolsos has-post-thumbnail sale shipping-taxable purchasable product-type-simple\">\n\t<div class=\"wdt-col wdt-col-xs-12 wdt-col-sm-6 wdt-col-md-6 wdt-col-qxlg-4 wdt-col-hxlg-3 wdt-col-lg-3\"><div class=\"product-wrapper\" ><div class=\"product-thumb\"><a class=\"image\" href=\"https:\/\/saonajoies.com\/es\/producto\/bolsa-joana-blanco\/\" title=\"Bolsa Joana Blanco\"><div class=\"product-thumb-overlay\" ><\/div><div class=\"product-labels\"><span class=\"onsale\"><span>Sale<\/span><\/span><\/div><div class=\"product-offers\"><span class=\"product-saved-sale\"><span>20%<\/span> off<\/span><\/div><div class=\"primary-image\"><img decoding=\"async\" src=\"https:\/\/saonajoies.com\/wp-content\/uploads\/2025\/01\/bossa-cru-05-1000x1000.jpg\" alt=\"Shop Primary Image\" title=\"Shop Primary Image\" \/><\/div><\/a><div class=\"product-thumb-content\" ><div class=\"product-buttons-wrapper product-icons\"><div class=\"wc_inline_buttons\"><div class=\"wcqv_btn_wrapper wc_btn_inline\" data-tooltip=\"Quick View\"><a href=\"#\" class=\"button yith-wcqv-button\" data-product_id=\"4952\">Quick View<\/a><\/div><\/div><\/div><div class=\"product-buttons-wrapper product-button\"><div class=\"wc_inline_buttons\"><div class=\"wcct_btn_wrapper wc_btn_inline\" data-tooltip=\"Add To Cart\"><a href=\"?add-to-cart=4952\" aria-describedby=\"woocommerce_loop_add_to_cart_link_describedby_4952\" data-quantity=\"1\" class=\"wdt-button too-small button product_type_simple add_to_cart_button ajax_add_to_cart\" data-product_id=\"4952\" data-product_sku=\"039\" aria-label=\"A\u00f1adir al carrito: &ldquo;Bolsa Joana Blanco&rdquo;\" rel=\"nofollow\" data-success_message=\"\u00abBolsa Joana Blanco\u00bb se ha a\u00f1adido a tu carrito\">A\u00f1adir al carrito<\/a>\t<span id=\"woocommerce_loop_add_to_cart_link_describedby_4952\" class=\"wdt-button too-small screen-reader-text\">\n\t\t\t<\/span>\n<\/div><\/div><\/div><\/div><\/div><div class=\"product-details\"><div class=\"product-category-wrapper\"><a href=\"https:\/\/saonajoies.com\/es\/categoria-producto\/bolsos\/\" rel=\"tag\">Bolsos<\/a><\/div><div class=\"product-title\"><h5><a href=\"https:\/\/saonajoies.com\/es\/producto\/bolsa-joana-blanco\/\">Bolsa Joana Blanco<\/a><\/h5><\/div><div class=\"product-price\"><span class=\"price\"><del aria-hidden=\"true\"><span class=\"woocommerce-Price-amount amount\"><bdi>80,00&nbsp;<span class=\"woocommerce-Price-currencySymbol\">&euro;<\/span><\/bdi><\/span><\/del> <span class=\"screen-reader-text\">El precio original era: 80,00&nbsp;&euro;.<\/span><ins aria-hidden=\"true\"><span class=\"woocommerce-Price-amount amount\"><bdi>64,00&nbsp;<span class=\"woocommerce-Price-currencySymbol\">&euro;<\/span><\/bdi><\/span><\/ins><span class=\"screen-reader-text\">El precio actual es: 64,00&nbsp;&euro;.<\/span><\/span><\/div><\/div><\/div><\/div><\/li>\n<li class=\"product-grid-view product type-product post-4942 status-publish outofstock product_cat-bolsos product_tag-bolsos has-post-thumbnail shipping-taxable purchasable product-type-simple\">\n\t<div class=\"wdt-col wdt-col-xs-12 wdt-col-sm-6 wdt-col-md-6 wdt-col-qxlg-4 wdt-col-hxlg-3 wdt-col-lg-3\"><div class=\"product-wrapper\" ><div class=\"product-thumb\"><a class=\"image\" href=\"https:\/\/saonajoies.com\/es\/producto\/bolsa-joana-azul-marino\/\" title=\"Bolsa Joana Azul Marino\"><div class=\"product-thumb-overlay\" ><\/div><div class=\"product-labels\"><span class=\"out-of-stock\"><span>Sold Out<\/span><\/span><\/div><div class=\"primary-image\"><img decoding=\"async\" src=\"https:\/\/saonajoies.com\/wp-content\/uploads\/2025\/02\/bossa-cel-1000x1000.jpg\" alt=\"Shop Primary Image\" title=\"Shop Primary Image\" \/><\/div><\/a><div class=\"product-thumb-content\" ><div class=\"product-buttons-wrapper product-icons\"><div class=\"wc_inline_buttons\"><div class=\"wcqv_btn_wrapper wc_btn_inline\" data-tooltip=\"Quick View\"><a href=\"#\" class=\"button yith-wcqv-button\" data-product_id=\"4942\">Quick View<\/a><\/div><\/div><\/div><div class=\"product-buttons-wrapper product-button\"><div class=\"wc_inline_buttons\"><div class=\"wcct_btn_wrapper wc_btn_inline\" data-tooltip=\"Add To Cart\"><a href=\"https:\/\/saonajoies.com\/es\/producto\/bolsa-joana-azul-marino\/\" aria-describedby=\"woocommerce_loop_add_to_cart_link_describedby_4942\" data-quantity=\"1\" class=\"wdt-button too-small button product_type_simple\" data-product_id=\"4942\" data-product_sku=\"038\" aria-label=\"Lee m\u00e1s sobre &ldquo;Bolsa Joana Azul Marino&rdquo;\" rel=\"nofollow\" data-success_message=\"\">Leer m\u00e1s<\/a>\t<span id=\"woocommerce_loop_add_to_cart_link_describedby_4942\" class=\"wdt-button too-small screen-reader-text\">\n\t\t\t<\/span>\n<\/div><\/div><\/div><\/div><\/div><div class=\"product-details\"><div class=\"product-category-wrapper\"><a href=\"https:\/\/saonajoies.com\/es\/categoria-producto\/bolsos\/\" rel=\"tag\">Bolsos<\/a><\/div><div class=\"product-title\"><h5><a href=\"https:\/\/saonajoies.com\/es\/producto\/bolsa-joana-azul-marino\/\">Bolsa Joana Azul Marino<\/a><\/h5><\/div><div class=\"product-price\"><span class=\"price\"><span class=\"woocommerce-Price-amount amount\"><bdi>80,00&nbsp;<span class=\"woocommerce-Price-currencySymbol\">&euro;<\/span><\/bdi><\/span><\/span><\/div><\/div><\/div><\/div><\/li>\n<li class=\"product-grid-view product type-product post-4911 status-publish last instock product_cat-bolsos product_tag-bolsos has-post-thumbnail sale shipping-taxable purchasable product-type-simple\">\n\t<div class=\"wdt-col wdt-col-xs-12 wdt-col-sm-6 wdt-col-md-6 wdt-col-qxlg-4 wdt-col-hxlg-3 wdt-col-lg-3\"><div class=\"product-wrapper\" ><div class=\"product-thumb\"><a class=\"image\" href=\"https:\/\/saonajoies.com\/es\/producto\/bolsa-joana-lino-agujeros\/\" title=\"Bolsa Joana Lino agujeros\"><div class=\"product-thumb-overlay\" ><\/div><div class=\"product-labels\"><span class=\"onsale\"><span>Sale<\/span><\/span><\/div><div class=\"product-offers\"><span class=\"product-saved-sale\"><span>20%<\/span> off<\/span><\/div><div class=\"primary-image\"><img decoding=\"async\" src=\"https:\/\/saonajoies.com\/wp-content\/uploads\/2025\/02\/bolso-joana-agujeros-1000x1000.jpg\" alt=\"Shop Primary Image\" title=\"Shop Primary Image\" \/><\/div><\/a><div class=\"product-thumb-content\" ><div class=\"product-buttons-wrapper product-icons\"><div class=\"wc_inline_buttons\"><div class=\"wcqv_btn_wrapper wc_btn_inline\" data-tooltip=\"Quick View\"><a href=\"#\" class=\"button yith-wcqv-button\" data-product_id=\"4911\">Quick View<\/a><\/div><\/div><\/div><div class=\"product-buttons-wrapper product-button\"><div class=\"wc_inline_buttons\"><div class=\"wcct_btn_wrapper wc_btn_inline\" data-tooltip=\"Add To Cart\"><a href=\"?add-to-cart=4911\" aria-describedby=\"woocommerce_loop_add_to_cart_link_describedby_4911\" data-quantity=\"1\" class=\"wdt-button too-small button product_type_simple add_to_cart_button ajax_add_to_cart\" data-product_id=\"4911\" data-product_sku=\"037\" aria-label=\"A\u00f1adir al carrito: &ldquo;Bolsa Joana Lino agujeros&rdquo;\" rel=\"nofollow\" data-success_message=\"\u00abBolsa Joana Lino agujeros\u00bb se ha a\u00f1adido a tu carrito\">A\u00f1adir al carrito<\/a>\t<span id=\"woocommerce_loop_add_to_cart_link_describedby_4911\" class=\"wdt-button too-small screen-reader-text\">\n\t\t\t<\/span>\n<\/div><\/div><\/div><\/div><\/div><div class=\"product-details\"><div class=\"product-category-wrapper\"><a href=\"https:\/\/saonajoies.com\/es\/categoria-producto\/bolsos\/\" rel=\"tag\">Bolsos<\/a><\/div><div class=\"product-title\"><h5><a href=\"https:\/\/saonajoies.com\/es\/producto\/bolsa-joana-lino-agujeros\/\">Bolsa Joana Lino agujeros<\/a><\/h5><\/div><div class=\"product-price\"><span class=\"price\"><del aria-hidden=\"true\"><span class=\"woocommerce-Price-amount amount\"><bdi>40,00&nbsp;<span class=\"woocommerce-Price-currencySymbol\">&euro;<\/span><\/bdi><\/span><\/del> <span class=\"screen-reader-text\">El precio original era: 40,00&nbsp;&euro;.<\/span><ins aria-hidden=\"true\"><span class=\"woocommerce-Price-amount amount\"><bdi>32,00&nbsp;<span class=\"woocommerce-Price-currencySymbol\">&euro;<\/span><\/bdi><\/span><\/ins><span class=\"screen-reader-text\">El precio actual es: 32,00&nbsp;&euro;.<\/span><\/span><\/div><\/div><\/div><\/div><\/li>\n<li class=\"product-grid-view product type-product post-4904 status-publish first instock product_cat-bolsos product_tag-bolsos has-post-thumbnail sale shipping-taxable purchasable product-type-variable\">\n\t<div class=\"wdt-col wdt-col-xs-12 wdt-col-sm-6 wdt-col-md-6 wdt-col-qxlg-4 wdt-col-hxlg-3 wdt-col-lg-3\"><div class=\"product-wrapper\" ><div class=\"product-thumb\"><a class=\"image\" href=\"https:\/\/saonajoies.com\/es\/producto\/bolsa-joana-lino\/\" title=\"Bolsa Joana Lino\"><div class=\"product-thumb-overlay\" ><\/div><div class=\"product-labels\"><span class=\"onsale\"><span>Sale<\/span><\/span><\/div><div class=\"primary-image\"><img decoding=\"async\" src=\"https:\/\/saonajoies.com\/wp-content\/uploads\/2025\/01\/SAONA_handmade-joana-lli-1000x1000.jpg\" alt=\"Shop Primary Image\" title=\"Shop Primary Image\" \/><\/div><\/a><div class=\"product-thumb-content\" ><div class=\"product-buttons-wrapper product-icons\"><div class=\"wc_inline_buttons\"><div class=\"wcqv_btn_wrapper wc_btn_inline\" data-tooltip=\"Quick View\"><a href=\"#\" class=\"button yith-wcqv-button\" data-product_id=\"4904\">Quick View<\/a><\/div><\/div><\/div><div class=\"product-buttons-wrapper product-button\"><div class=\"wc_inline_buttons\"><div class=\"wcct_btn_wrapper wc_btn_inline\" data-tooltip=\"Add To Cart\"><a href=\"https:\/\/saonajoies.com\/es\/producto\/bolsa-joana-lino\/\" aria-describedby=\"woocommerce_loop_add_to_cart_link_describedby_4904\" data-quantity=\"1\" class=\"wdt-button too-small button product_type_variable add_to_cart_button\" data-product_id=\"4904\" data-product_sku=\"035\" aria-label=\"Elige las opciones para &ldquo;Bolsa Joana Lino&rdquo;\" rel=\"nofollow\">Seleccionar opciones<\/a>\t<span id=\"woocommerce_loop_add_to_cart_link_describedby_4904\" class=\"wdt-button too-small screen-reader-text\">\n\t\tEste producto tiene m\u00faltiples variantes. Las opciones se pueden elegir en la p\u00e1gina de producto\t<\/span>\n<\/div><\/div><\/div><\/div><\/div><div class=\"product-details\"><div class=\"product-category-wrapper\"><a href=\"https:\/\/saonajoies.com\/es\/categoria-producto\/bolsos\/\" rel=\"tag\">Bolsos<\/a><\/div><div class=\"product-title\"><h5><a href=\"https:\/\/saonajoies.com\/es\/producto\/bolsa-joana-lino\/\">Bolsa Joana Lino<\/a><\/h5><\/div><div class=\"product-price\"><span class=\"price\"><span class=\"woocommerce-Price-amount amount\"><bdi>32,00&nbsp;<span class=\"woocommerce-Price-currencySymbol\">&euro;<\/span><\/bdi><\/span> &ndash; <span class=\"woocommerce-Price-amount amount\"><bdi>64,00&nbsp;<span class=\"woocommerce-Price-currencySymbol\">&euro;<\/span><\/bdi><\/span><\/span><\/div><\/div><\/div><\/div><\/li>\n<li class=\"product-grid-view product type-product post-4895 status-publish outofstock product_cat-bolsos product_tag-bolsos has-post-thumbnail featured shipping-taxable purchasable product-type-simple\">\n\t<div class=\"wdt-col wdt-col-xs-12 wdt-col-sm-6 wdt-col-md-6 wdt-col-qxlg-4 wdt-col-hxlg-3 wdt-col-lg-3\"><div class=\"product-wrapper\" ><div class=\"product-thumb\"><div class=\"featured-tag\">\r\n\t\t\t\t\t\t\t\t\t<div>\r\n\t\t\t\t\t\t\t\t\t\t<i class=\"wdticon-thumb-tack\"><\/i>\r\n\t\t\t\t\t\t\t\t\t\t<span>Featured<\/span>\r\n\t\t\t\t\t\t\t\t\t<\/div>\r\n\t\t\t\t\t\t\t\t<\/div><a class=\"image\" href=\"https:\/\/saonajoies.com\/es\/producto\/bolsa-joana-azul\/\" title=\"Bolsa Joana Azul\"><div class=\"product-thumb-overlay\" ><\/div><div class=\"product-labels\"><span class=\"out-of-stock\"><span>Sold Out<\/span><\/span><\/div><div class=\"primary-image\"><img decoding=\"async\" src=\"https:\/\/saonajoies.com\/wp-content\/uploads\/2025\/01\/bossa-cel-02-1000x1000.jpg\" alt=\"Shop Primary Image\" title=\"Shop Primary Image\" \/><\/div><\/a><div class=\"product-thumb-content\" ><div class=\"product-buttons-wrapper product-icons\"><div class=\"wc_inline_buttons\"><div class=\"wcqv_btn_wrapper wc_btn_inline\" data-tooltip=\"Quick View\"><a href=\"#\" class=\"button yith-wcqv-button\" data-product_id=\"4895\">Quick View<\/a><\/div><\/div><\/div><div class=\"product-buttons-wrapper product-button\"><div class=\"wc_inline_buttons\"><div class=\"wcct_btn_wrapper wc_btn_inline\" data-tooltip=\"Add To Cart\"><a href=\"https:\/\/saonajoies.com\/es\/producto\/bolsa-joana-azul\/\" aria-describedby=\"woocommerce_loop_add_to_cart_link_describedby_4895\" data-quantity=\"1\" class=\"wdt-button too-small button product_type_simple\" data-product_id=\"4895\" data-product_sku=\"036\" aria-label=\"Lee m\u00e1s sobre &ldquo;Bolsa Joana Azul&rdquo;\" rel=\"nofollow\" data-success_message=\"\">Leer m\u00e1s<\/a>\t<span id=\"woocommerce_loop_add_to_cart_link_describedby_4895\" class=\"wdt-button too-small screen-reader-text\">\n\t\t\t<\/span>\n<\/div><\/div><\/div><\/div><\/div><div class=\"product-details\"><div class=\"product-category-wrapper\"><a href=\"https:\/\/saonajoies.com\/es\/categoria-producto\/bolsos\/\" rel=\"tag\">Bolsos<\/a><\/div><div class=\"product-title\"><h5><a href=\"https:\/\/saonajoies.com\/es\/producto\/bolsa-joana-azul\/\">Bolsa Joana Azul<\/a><\/h5><\/div><div class=\"product-price\"><span class=\"price\"><span class=\"woocommerce-Price-amount amount\"><bdi>80,00&nbsp;<span class=\"woocommerce-Price-currencySymbol\">&euro;<\/span><\/bdi><\/span><\/span><\/div><\/div><\/div><\/div><\/li>\n<\/ul><\/div>\t\t\t\t<\/div>\n\t\t\t\t<\/div>\n\t\t\t\t\t<\/div>\n\t\t\t\t<\/div>\n\t\t\t\t<\/div>\n\t\t","protected":false},"excerpt":{"rendered":"<p>Talleres Crea tus propias joyas a mano en Mallorca talleres disponibles Elige la fecha que te vaya mejor o un vale de regalo v\u00e1lido todo el 2025 Quick ViewA\u00f1adir al carrito Bolsos Bolsa Joana Turquesa 80,00&nbsp;&euro; Quick ViewA\u00f1adir al carrito Bolsos Bolsa Joana Crudo 80,00&nbsp;&euro; Quick ViewA\u00f1adir al carrito Bolsos Bolsa Joana Azul Marino 80,00&nbsp;&euro; [&hellip;]<\/p>\n","protected":false},"author":2,"featured_media":0,"parent":0,"menu_order":0,"comment_status":"closed","ping_status":"closed","template":"elementor_header_footer","meta":{"footnotes":""},"class_list":["post-6275","page","type-page","status-publish","hentry"],"aioseo_notices":[],"_links":{"self":[{"href":"https:\/\/saonajoies.com\/es\/wp-json\/wp\/v2\/pages\/6275","targetHints":{"allow":["GET"]}}],"collection":[{"href":"https:\/\/saonajoies.com\/es\/wp-json\/wp\/v2\/pages"}],"about":[{"href":"https:\/\/saonajoies.com\/es\/wp-json\/wp\/v2\/types\/page"}],"author":[{"embeddable":true,"href":"https:\/\/saonajoies.com\/es\/wp-json\/wp\/v2\/users\/2"}],"replies":[{"embeddable":true,"href":"https:\/\/saonajoies.com\/es\/wp-json\/wp\/v2\/comments?post=6275"}],"version-history":[{"count":32,"href":"https:\/\/saonajoies.com\/es\/wp-json\/wp\/v2\/pages\/6275\/revisions"}],"predecessor-version":[{"id":7921,"href":"https:\/\/saonajoies.com\/es\/wp-json\/wp\/v2\/pages\/6275\/revisions\/7921"}],"wp:attachment":[{"href":"https:\/\/saonajoies.com\/es\/wp-json\/wp\/v2\/media?parent=6275"}],"curies":[{"name":"wp","href":"https:\/\/api.w.org\/{rel}","templated":true}]}}