{"id":5007,"date":"2025-02-24T08:39:25","date_gmt":"2025-02-24T08:39:25","guid":{"rendered":"https:\/\/beta.saonajoies.com\/?page_id=5007"},"modified":"2025-05-07T06:33:18","modified_gmt":"2025-05-07T06:33:18","slug":"envios","status":"publish","type":"page","link":"https:\/\/saonajoies.com\/es\/envios\/","title":{"rendered":"Env\u00edos"},"content":{"rendered":"<h3 class=\"wp-block-heading\">Env\u00edos, cambios y devoluciones<\/h3><p><strong>Tiempo de entrega<\/strong><\/p><ul class=\"wp-block-list\"><li>Intentamos tener stock pero no siempre podemos, as\u00ed pues trabajamos para que el tiempo de preparaci\u00f3n sea el m\u00ednimo posible. Las joyas Saona se realizan a mano una a una, de manera que tenemos un margen de 1 a 10 d\u00edas laborables para realizar el pedido.<\/li>\n\n<li>Preparamos los env\u00edo el d\u00eda laborable siguiente al tener el pedido listo y te avisamos.<\/li>\n\n<li>Si nos quieres hacer un encargo personalizado el plazo de elaboraci\u00f3n es de 5 a 15 d\u00edas, pudi\u00e9ndose alargar en funci\u00f3n de la dificultad.<\/li><\/ul><h4 class=\"wp-block-heading\"><strong>Tiempo de env\u00edo<\/strong><\/h4><ul class=\"wp-block-list\"><li>Al tiempo de preparaci\u00f3n tenemos que a\u00f1adir el de env\u00edo. Enviamos a todo el mundo.<\/li>\n\n<li>El tiempo de entrega est\u00e1ndar es de 48\/72h, una vez tramitado el encargo por la empresa de mensajer\u00eda. Cuando tu encargo sea tramitado te lo comunicar\u00e1n y podr\u00e1s hacer el seguimiento.<\/li><\/ul><p><strong>Gastos de env\u00edo<\/strong><\/p><ul class=\"wp-block-list\"><li>Nacionales: 4\u20ac<\/li>\n\n<li>Europa y resta del mundo: 10\u20ac<\/li>\n\n<li>No nos hacemos responsables de los retrasos o p\u00e9rdidas de paquetes pero para cualquier incidencia escr\u00edbenos y te ayudaremos encantados en todo lo que podamos.<\/li><\/ul><p><strong>Cambios i devoluciones<\/strong><\/p><p>Deseamos que nuestras piezas te encajen, por eso, dispones de 15 d\u00edas naturales para hacer cambios y devoluciones una vez hayas recibido tu pedido.<\/p><p>Para realizarlos, escr\u00edbenos y gestionaremos cualquier cambio o devoluci\u00f3n.<\/p><p>El pedido debe devolverse mediante un sistema de mensajer\u00eda con el que podamos hacer el seguimiento del paquete (cualquiera que disponga de registro de seguimiento). Los gastos de env\u00edo corren a cargo del cliente.<\/p><h3 class=\"wp-block-heading\">Env\u00edos, cambios y devoluciones<\/h3><p><strong>Tiempo de entrega<\/strong><\/p><ul class=\"wp-block-list\"><li>Intentamos tener stock pero no siempre podemos, as\u00ed pues trabajamos para que el tiempo de preparaci\u00f3n sea el m\u00ednimo posible. Las joyas Saona se realizan a mano una a una, de manera que tenemos un margen de 1 a 10 d\u00edas laborables para realizar el pedido.<\/li>\n\n<li>Preparamos los env\u00edo el d\u00eda laborable siguiente al tener el pedido listo y te avisamos.<\/li>\n\n<li>Si nos quieres hacer un encargo personalizado el plazo de elaboraci\u00f3n es de 5 a 15 d\u00edas, pudi\u00e9ndose alargar en funci\u00f3n de la dificultad.<\/li><\/ul><h4 class=\"wp-block-heading\"><strong>Tiempo de env\u00edo<\/strong><\/h4><ul class=\"wp-block-list\"><li>Al tiempo de preparaci\u00f3n tenemos que a\u00f1adir el de env\u00edo. Enviamos a todo el mundo.<\/li>\n\n<li>El tiempo de entrega est\u00e1ndar es de 48\/72h, una vez tramitado el encargo por la empresa de mensajer\u00eda. Cuando tu encargo sea tramitado te lo comunicar\u00e1n y podr\u00e1s hacer el seguimiento.<\/li><\/ul><p><strong>Gastos de env\u00edo<\/strong><\/p><ul class=\"wp-block-list\"><li>Env\u00edos gratuito a partir de 60\u20ac<\/li>\n\n<li>Nacionales: 4\u20ac<\/li>\n\n<li>Europa y resta del mundo: 10\u20ac<\/li>\n\n<li>No nos hacemos responsables de los retrasos o p\u00e9rdidas de paquetes pero para cualquier incidencia escr\u00edbenos y te ayudaremos encantados en todo lo que podamos.<\/li><\/ul><p><strong>Cambios i devoluciones<\/strong><\/p><p>Deseamos que nuestras piezas te encajen, por eso, dispones de 15 d\u00edas naturales para hacer cambios y devoluciones una vez hayas recibido tu pedido.<\/p><p>Para realizarlos, escr\u00edbenos y gestionaremos cualquier cambio o devoluci\u00f3n.<\/p><p>El pedido debe devolverse mediante un sistema de mensajer\u00eda con el que podamos hacer el seguimiento del paquete (cualquiera que disponga de registro de seguimiento). Los gastos de env\u00edo corren a cargo del cliente.<\/p><p><\/p>","protected":false},"excerpt":{"rendered":"<p>Env\u00edos, cambios y devoluciones Tiempo de entrega Tiempo de env\u00edo Gastos de env\u00edo Cambios i devoluciones Deseamos que nuestras piezas te encajen, por eso, dispones de 15 d\u00edas naturales para hacer cambios y devoluciones una vez hayas recibido tu pedido. Para realizarlos, escr\u00edbenos y gestionaremos cualquier cambio o devoluci\u00f3n. El pedido debe devolverse mediante un [&hellip;]<\/p>\n","protected":false},"author":1,"featured_media":0,"parent":0,"menu_order":0,"comment_status":"closed","ping_status":"closed","template":"","meta":{"footnotes":""},"class_list":["post-5007","page","type-page","status-publish","hentry"],"aioseo_notices":[],"_links":{"self":[{"href":"https:\/\/saonajoies.com\/es\/wp-json\/wp\/v2\/pages\/5007","targetHints":{"allow":["GET"]}}],"collection":[{"href":"https:\/\/saonajoies.com\/es\/wp-json\/wp\/v2\/pages"}],"about":[{"href":"https:\/\/saonajoies.com\/es\/wp-json\/wp\/v2\/types\/page"}],"author":[{"embeddable":true,"href":"https:\/\/saonajoies.com\/es\/wp-json\/wp\/v2\/users\/1"}],"replies":[{"embeddable":true,"href":"https:\/\/saonajoies.com\/es\/wp-json\/wp\/v2\/comments?post=5007"}],"version-history":[{"count":2,"href":"https:\/\/saonajoies.com\/es\/wp-json\/wp\/v2\/pages\/5007\/revisions"}],"predecessor-version":[{"id":6260,"href":"https:\/\/saonajoies.com\/es\/wp-json\/wp\/v2\/pages\/5007\/revisions\/6260"}],"wp:attachment":[{"href":"https:\/\/saonajoies.com\/es\/wp-json\/wp\/v2\/media?parent=5007"}],"curies":[{"name":"wp","href":"https:\/\/api.w.org\/{rel}","templated":true}]}}