{"id":454,"date":"2024-10-14T10:13:54","date_gmt":"2024-10-14T10:13:54","guid":{"rendered":"https:\/\/beta.saonajoies.com\/?page_id=454"},"modified":"2025-02-05T11:59:14","modified_gmt":"2025-02-05T11:59:14","slug":"consejos-de-mantenimiento","status":"publish","type":"page","link":"https:\/\/saonajoies.com\/es\/consejos-de-mantenimiento\/","title":{"rendered":"Consejos de mantenimiento"},"content":{"rendered":"\t\t<div data-elementor-type=\"wp-page\" data-elementor-id=\"454\" class=\"elementor elementor-454\">\n\t\t\t\t\t\t<section class=\"elementor-section elementor-top-section elementor-element elementor-element-ca100d4 elementor-section-boxed elementor-section-height-default elementor-section-height-default\" data-id=\"ca100d4\" data-element_type=\"section\" data-settings=\"{&quot;wdt_bg_image&quot;:{&quot;url&quot;:&quot;&quot;,&quot;id&quot;:&quot;&quot;,&quot;size&quot;:&quot;&quot;},&quot;wdt_bg_image_laptop&quot;:{&quot;url&quot;:&quot;&quot;,&quot;id&quot;:&quot;&quot;,&quot;size&quot;:&quot;&quot;},&quot;wdt_bg_image_tablet_extra&quot;:{&quot;url&quot;:&quot;&quot;,&quot;id&quot;:&quot;&quot;,&quot;size&quot;:&quot;&quot;},&quot;wdt_bg_image_tablet&quot;:{&quot;url&quot;:&quot;&quot;,&quot;id&quot;:&quot;&quot;,&quot;size&quot;:&quot;&quot;},&quot;wdt_bg_image_mobile_extra&quot;:{&quot;url&quot;:&quot;&quot;,&quot;id&quot;:&quot;&quot;,&quot;size&quot;:&quot;&quot;},&quot;wdt_bg_image_mobile&quot;:{&quot;url&quot;:&quot;&quot;,&quot;id&quot;:&quot;&quot;,&quot;size&quot;:&quot;&quot;},&quot;wdt_bg_position&quot;:&quot;center center&quot;,&quot;wdt_animation_effect&quot;:&quot;none&quot;}\">\n\t\t\t\t\t\t<div class=\"elementor-container elementor-column-gap-no\">\n\t\t\t\t\t<div class=\"elementor-column elementor-col-100 elementor-top-column elementor-element elementor-element-1349304\" data-id=\"1349304\" data-element_type=\"column\">\n\t\t\t<div class=\"elementor-widget-wrap elementor-element-populated\">\n\t\t\t\t\t\t<div class=\"elementor-element elementor-element-0989cef elementor-widget__width-initial elementor-widget-mobile__width-inherit elementor-widget-laptop__width-initial elementor-widget elementor-widget-wdt-heading\" data-id=\"0989cef\" data-element_type=\"widget\" data-settings=\"{&quot;title_vertical_align&quot;:&quot;center&quot;,&quot;subtitle_vertical_align&quot;:&quot;center&quot;,&quot;wdt_animation_effect&quot;:&quot;none&quot;}\" data-widget_type=\"wdt-heading.default\">\n\t\t\t\t<div class=\"elementor-widget-container\">\n\t\t\t\t\t<div class=\"wdt-heading-holder \" id=\"wdt-heading-0989cef\"><h2 class=\"wdt-heading-title-wrapper wdt-heading-align-center wdt-heading-deco-wrapper\"><span class=\"wdt-heading-title\">Cuidados y limpieza de las joyas<\/span><\/h2><div class=\"wdt-heading-content-wrapper\">Las joyas Saona est\u00e1n hechas con cuidado de manera individual, siguiendo t\u00e9cnicas tradicionales y artesanales de joyer\u00eda. De esta manera, todas ellas son \u00fanicas, pueden tener peque\u00f1as variaciones y no ser exactamente iguales. Sin embargo, trabajamos ci\u00f1\u00e9ndonos a nuestros dise\u00f1os, esforz\u00e1ndonos para que nuestros clientes tengan la pieza que desean.\n\nTodas las piezas est\u00e1n hechas en plata 925, a veces oxidada o ba\u00f1ada en oro. La plata es un metal duradero que sufre un proceso natural de oxidaci\u00f3n, pero es superficial y se puede eliminar f\u00e1cilmente.\n\nSigue los siguientes consejos para alentar este proceso y cuidar tus joyas.\n\n<\/div><\/div>\t\t\t\t<\/div>\n\t\t\t\t<\/div>\n\t\t\t\t\t<\/div>\n\t\t<\/div>\n\t\t\t\t\t<\/div>\n\t\t<\/section>\n\t\t<div class=\"elementor-element elementor-element-519d835 e-flex e-con-boxed e-con e-parent\" data-id=\"519d835\" data-element_type=\"container\" data-settings=\"{&quot;background_background&quot;:&quot;classic&quot;}\">\n\t\t\t\t\t<div class=\"e-con-inner\">\n\t\t\t\t<div class=\"elementor-element elementor-element-dd45d0f elementor-widget elementor-widget-text-editor\" data-id=\"dd45d0f\" data-element_type=\"widget\" data-settings=\"{&quot;wdt_animation_effect&quot;:&quot;none&quot;}\" data-widget_type=\"text-editor.default\">\n\t\t\t\t<div class=\"elementor-widget-container\">\n\t\t\t\t\t\t\t\t\t<ul><li>Intenta mantener tus joyas separadas, as\u00ed evitar\u00e1s que se rayen entre ellas.<\/li><li>Gu\u00e1rdalas en su embalaje original o en alg\u00fan lugar que evite el contacto con el ambiente, el agua, cosm\u00e9ticos, productos de limpieza corrosivos\u2026 Todos estos factores provocan alteraciones en el metal y hacen que se oscurezca m\u00e1s r\u00e1pidamente.<\/li><li>Para limpiar tu joya utiliza un cepillo suave con agua y jab\u00f3n neutro o bicarbonato. Al terminar, s\u00e9cala bien con un trapo de algod\u00f3n.<\/li><li>Si no consigues que vuelva a su estado original contacta con nosotros en info@saonajoies.com y te ayudaremos.<\/li><li>Ll\u00e9vala y disfr\u00fatala, har\u00e1s que brille durante m\u00e1s tiempo!<\/li><\/ul>\t\t\t\t\t\t\t\t<\/div>\n\t\t\t\t<\/div>\n\t\t\t\t\t<\/div>\n\t\t\t\t<\/div>\n\t\t\t\t<\/div>\n\t\t","protected":false},"excerpt":{"rendered":"<p>Cuidados y limpieza de las joyas Las joyas Saona est\u00e1n hechas con cuidado de manera individual, siguiendo t\u00e9cnicas tradicionales y artesanales de joyer\u00eda. De esta manera, todas ellas son \u00fanicas, pueden tener peque\u00f1as variaciones y no ser exactamente iguales. Sin embargo, trabajamos ci\u00f1\u00e9ndonos a nuestros dise\u00f1os, esforz\u00e1ndonos para que nuestros clientes tengan la pieza que [&hellip;]<\/p>\n","protected":false},"author":1,"featured_media":0,"parent":0,"menu_order":0,"comment_status":"closed","ping_status":"closed","template":"elementor_header_footer","meta":{"footnotes":""},"class_list":["post-454","page","type-page","status-publish","hentry"],"aioseo_notices":[],"_links":{"self":[{"href":"https:\/\/saonajoies.com\/es\/wp-json\/wp\/v2\/pages\/454","targetHints":{"allow":["GET"]}}],"collection":[{"href":"https:\/\/saonajoies.com\/es\/wp-json\/wp\/v2\/pages"}],"about":[{"href":"https:\/\/saonajoies.com\/es\/wp-json\/wp\/v2\/types\/page"}],"author":[{"embeddable":true,"href":"https:\/\/saonajoies.com\/es\/wp-json\/wp\/v2\/users\/1"}],"replies":[{"embeddable":true,"href":"https:\/\/saonajoies.com\/es\/wp-json\/wp\/v2\/comments?post=454"}],"version-history":[{"count":28,"href":"https:\/\/saonajoies.com\/es\/wp-json\/wp\/v2\/pages\/454\/revisions"}],"predecessor-version":[{"id":2660,"href":"https:\/\/saonajoies.com\/es\/wp-json\/wp\/v2\/pages\/454\/revisions\/2660"}],"wp:attachment":[{"href":"https:\/\/saonajoies.com\/es\/wp-json\/wp\/v2\/media?parent=454"}],"curies":[{"name":"wp","href":"https:\/\/api.w.org\/{rel}","templated":true}]}}