{"id":2876,"date":"2025-02-10T09:27:50","date_gmt":"2025-02-10T09:27:50","guid":{"rendered":"https:\/\/beta.saonajoies.com\/reembolso_devoluciones\/"},"modified":"2025-03-06T09:47:40","modified_gmt":"2025-03-06T09:47:40","slug":"reembolso_devoluciones","status":"publish","type":"page","link":"https:\/\/saonajoies.com\/es\/reembolso_devoluciones\/","title":{"rendered":"Pol\u00edtica de devoluciones y reembolsos"},"content":{"rendered":"\t\t<div data-elementor-type=\"wp-page\" data-elementor-id=\"2876\" class=\"elementor elementor-2876\">\n\t\t\t\t<div class=\"elementor-element elementor-element-3bf91246 e-flex e-con-boxed e-con e-parent\" data-id=\"3bf91246\" data-element_type=\"container\">\n\t\t\t\t\t<div class=\"e-con-inner\">\n\t\t\t\t<div class=\"elementor-element elementor-element-370d7b5a elementor-widget elementor-widget-text-editor\" data-id=\"370d7b5a\" data-element_type=\"widget\" data-settings=\"{&quot;wdt_animation_effect&quot;:&quot;none&quot;}\" data-widget_type=\"text-editor.default\">\n\t\t\t\t<div class=\"elementor-widget-container\">\n\t\t\t\t\t\t\t\t\t\n<p>\u00a0<\/p>\n\n<h2 class=\"wp-block-heading\">Env\u00edos, cambios y devoluciones<\/h2>\n\n<h4><strong>Tiempo de entrega<\/strong><\/h4>\n<ul>\n<li>Intentamos tener stock pero no siempre podemos, as\u00ed pues trabajamos para que el tiempo de preparaci\u00f3n sea el m\u00ednimo posible. Las joyas Saona se realizan a mano una a una, de manera que tenemos un margen de 1 a 10 d\u00edas laborables para realizar el pedido.<\/li>\n<li>Preparamos los env\u00edo el d\u00eda laborable siguiente al tener el pedido listo y te avisamos.<\/li>\n<li>Si nos quieres hacer un encargo personalizado el plazo de elaboraci\u00f3n es de 5 a 15 d\u00edas, pudi\u00e9ndose alargar en funci\u00f3n de la dificultad<\/li>\n<\/ul>\n<h4>Tiempo de env\u00edo<\/h4>\n<ul>\n<li>Al tiempo de preparaci\u00f3n tenemos que a\u00f1adir el de env\u00edo. Enviamos a todo el mundo.<\/li>\n<li>El tiempo de entrega est\u00e1ndar es de 48\/72h, una vez tramitado el encargo por la empresa de mensajer\u00eda. Cuando tu encargo sea tramitado te lo comunicar\u00e1n y podr\u00e1s hacer el seguimiento.<\/li>\n<\/ul>\n<h4>Gastos de env\u00edo<\/h4>\n<ul>\n<li>Nacionales: 4\u20ac<\/li>\n<li>Europa y resta del mundo: 10\u20ac<\/li>\n<li>No nos hacemos responsables de los retrasos o p\u00e9rdidas de paquetes pero para cualquier incidencia escr\u00edbenos y te ayudaremos encantados en todo lo que podamos.<\/li>\n<\/ul>\n<h4>Cambios i devoluciones<\/h4>\n<p>Deseamos que nuestras piezas te encajen, por eso, dispones de 15 d\u00edas naturales para hacer cambios y devoluciones una vez hayas recibido tu pedido.<\/p>\n<p>Para realizarlos, escr\u00edbenos y gestionaremos cualquier cambio o devoluci\u00f3n.<\/p>\n<p>El pedido debe devolverse mediante un sistema de mensajer\u00eda con el que podamos hacer el seguimiento del paquete (cualquiera que disponga de registro de seguimiento). Los gastos de env\u00edo corren a cargo del cliente.<\/p>\n\t\t\t\t\t\t\t\t<\/div>\n\t\t\t\t<\/div>\n\t\t\t\t\t<\/div>\n\t\t\t\t<\/div>\n\t\t\t\t<\/div>\n\t\t","protected":false},"excerpt":{"rendered":"<p>\u00a0 Env\u00edos, cambios y devoluciones Tiempo de entrega Intentamos tener stock pero no siempre podemos, as\u00ed pues trabajamos para que el tiempo de preparaci\u00f3n sea el m\u00ednimo posible. Las joyas Saona se realizan a mano una a una, de manera que tenemos un margen de 1 a 10 d\u00edas laborables para realizar el pedido. Preparamos [&hellip;]<\/p>\n","protected":false},"author":1,"featured_media":0,"parent":0,"menu_order":0,"comment_status":"closed","ping_status":"closed","template":"","meta":{"footnotes":""},"class_list":["post-2876","page","type-page","status-publish","hentry"],"aioseo_notices":[],"_links":{"self":[{"href":"https:\/\/saonajoies.com\/es\/wp-json\/wp\/v2\/pages\/2876","targetHints":{"allow":["GET"]}}],"collection":[{"href":"https:\/\/saonajoies.com\/es\/wp-json\/wp\/v2\/pages"}],"about":[{"href":"https:\/\/saonajoies.com\/es\/wp-json\/wp\/v2\/types\/page"}],"author":[{"embeddable":true,"href":"https:\/\/saonajoies.com\/es\/wp-json\/wp\/v2\/users\/1"}],"replies":[{"embeddable":true,"href":"https:\/\/saonajoies.com\/es\/wp-json\/wp\/v2\/comments?post=2876"}],"version-history":[{"count":6,"href":"https:\/\/saonajoies.com\/es\/wp-json\/wp\/v2\/pages\/2876\/revisions"}],"predecessor-version":[{"id":5526,"href":"https:\/\/saonajoies.com\/es\/wp-json\/wp\/v2\/pages\/2876\/revisions\/5526"}],"wp:attachment":[{"href":"https:\/\/saonajoies.com\/es\/wp-json\/wp\/v2\/media?parent=2876"}],"curies":[{"name":"wp","href":"https:\/\/api.w.org\/{rel}","templated":true}]}}