{"id":2681,"date":"2025-02-05T12:22:54","date_gmt":"2025-02-05T12:22:54","guid":{"rendered":"https:\/\/beta.saonajoies.com\/?page_id=2681"},"modified":"2025-03-31T14:35:27","modified_gmt":"2025-03-31T14:35:27","slug":"jana","status":"publish","type":"page","link":"https:\/\/saonajoies.com\/es\/jana\/","title":{"rendered":"Jana"},"content":{"rendered":"\t\t<div data-elementor-type=\"wp-page\" data-elementor-id=\"2681\" class=\"elementor elementor-2681\">\n\t\t\t\t<div class=\"elementor-element elementor-element-948e684 e-flex e-con-boxed e-con e-parent\" data-id=\"948e684\" data-element_type=\"container\">\n\t\t\t\t\t<div class=\"e-con-inner\">\n\t\t\t\t<div class=\"elementor-element elementor-element-7a091ae elementor-widget elementor-widget-wdt-heading\" data-id=\"7a091ae\" data-element_type=\"widget\" data-settings=\"{&quot;title_vertical_align&quot;:&quot;center&quot;,&quot;subtitle_vertical_align&quot;:&quot;center&quot;,&quot;wdt_animation_effect&quot;:&quot;none&quot;}\" data-widget_type=\"wdt-heading.default\">\n\t\t\t\t<div class=\"elementor-widget-container\">\n\t\t\t\t\t<div class=\"wdt-heading-holder \" id=\"wdt-heading-7a091ae\"><div class=\"wdt-heading-subtitle-wrapper wdt-heading-align-center \"><span class=\"wdt-heading-subtitle\">Colecci\u00f3n<\/span><\/div><h2 class=\"wdt-heading-title-wrapper wdt-heading-align-center wdt-heading-deco-wrapper\"><span class=\"wdt-heading-title\">piezas org\u00e1nicas de superficies suaves, olas lisas y vol\u00famenes<\/span><\/h2><\/div>\t\t\t\t<\/div>\n\t\t\t\t<\/div>\n\t\t\t\t\t<\/div>\n\t\t\t\t<\/div>\n\t\t<div class=\"elementor-element elementor-element-8efdcdd e-grid e-con-full e-con e-parent\" data-id=\"8efdcdd\" data-element_type=\"container\">\n\t\t\t\t<div class=\"elementor-element elementor-element-b80b9ba elementor-invisible elementor-widget elementor-widget-image\" data-id=\"b80b9ba\" data-element_type=\"widget\" data-settings=\"{&quot;_animation&quot;:&quot;slideInLeft&quot;,&quot;wdt_animation_effect&quot;:&quot;none&quot;}\" data-widget_type=\"image.default\">\n\t\t\t\t<div class=\"elementor-widget-container\">\n\t\t\t\t\t\t\t\t\t\t\t\t\t\t\t<img fetchpriority=\"high\" decoding=\"async\" width=\"1253\" height=\"1123\" src=\"https:\/\/saonajoies.com\/wp-content\/uploads\/2025\/02\/jana-SaonaJoies-2.jpg\" class=\"attachment-full size-full wp-image-2691\" alt=\"\" srcset=\"https:\/\/saonajoies.com\/wp-content\/uploads\/2025\/02\/jana-SaonaJoies-2.jpg 1253w, https:\/\/saonajoies.com\/wp-content\/uploads\/2025\/02\/jana-SaonaJoies-2-1000x896.jpg 1000w, https:\/\/saonajoies.com\/wp-content\/uploads\/2025\/02\/jana-SaonaJoies-2-300x269.jpg 300w, https:\/\/saonajoies.com\/wp-content\/uploads\/2025\/02\/jana-SaonaJoies-2-1024x918.jpg 1024w, https:\/\/saonajoies.com\/wp-content\/uploads\/2025\/02\/jana-SaonaJoies-2-768x688.jpg 768w\" sizes=\"(max-width: 1253px) 100vw, 1253px\" \/>\t\t\t\t\t\t\t\t\t\t\t\t\t\t\t<\/div>\n\t\t\t\t<\/div>\n\t\t\t\t<div class=\"elementor-element elementor-element-4da62cf elementor-invisible elementor-widget elementor-widget-image\" data-id=\"4da62cf\" data-element_type=\"widget\" data-settings=\"{&quot;_animation&quot;:&quot;slideInRight&quot;,&quot;wdt_animation_effect&quot;:&quot;none&quot;}\" data-widget_type=\"image.default\">\n\t\t\t\t<div class=\"elementor-widget-container\">\n\t\t\t\t\t\t\t\t\t\t\t\t\t\t\t<img decoding=\"async\" width=\"1253\" height=\"1123\" src=\"https:\/\/saonajoies.com\/wp-content\/uploads\/2025\/02\/jana-SaonaJoies-1.jpg\" class=\"attachment-full size-full wp-image-2690\" alt=\"\" srcset=\"https:\/\/saonajoies.com\/wp-content\/uploads\/2025\/02\/jana-SaonaJoies-1.jpg 1253w, https:\/\/saonajoies.com\/wp-content\/uploads\/2025\/02\/jana-SaonaJoies-1-1000x896.jpg 1000w, https:\/\/saonajoies.com\/wp-content\/uploads\/2025\/02\/jana-SaonaJoies-1-300x269.jpg 300w, https:\/\/saonajoies.com\/wp-content\/uploads\/2025\/02\/jana-SaonaJoies-1-1024x918.jpg 1024w, https:\/\/saonajoies.com\/wp-content\/uploads\/2025\/02\/jana-SaonaJoies-1-768x688.jpg 768w\" sizes=\"(max-width: 1253px) 100vw, 1253px\" \/>\t\t\t\t\t\t\t\t\t\t\t\t\t\t\t<\/div>\n\t\t\t\t<\/div>\n\t\t\t\t<\/div>\n\t\t<div class=\"elementor-element elementor-element-49c2597 e-con-full e-flex e-con e-parent\" data-id=\"49c2597\" data-element_type=\"container\">\n\t\t\t\t<div class=\"elementor-element elementor-element-44e2a96 elementor-widget elementor-widget-wdt-heading\" data-id=\"44e2a96\" data-element_type=\"widget\" data-settings=\"{&quot;title_vertical_align&quot;:&quot;center&quot;,&quot;subtitle_vertical_align&quot;:&quot;center&quot;,&quot;wdt_animation_effect&quot;:&quot;none&quot;}\" data-widget_type=\"wdt-heading.default\">\n\t\t\t\t<div class=\"elementor-widget-container\">\n\t\t\t\t\t<div class=\"wdt-heading-holder \" id=\"wdt-heading-44e2a96\"><div class=\"wdt-heading-subtitle-wrapper wdt-heading-align-center \"><span class=\"wdt-heading-subtitle\">jana<\/span><\/div><h2 class=\"wdt-heading-title-wrapper wdt-heading-align-center wdt-heading-deco-wrapper\"><span class=\"wdt-heading-title\">productos de la colecci\u00f3n<\/span><\/h2><\/div>\t\t\t\t<\/div>\n\t\t\t\t<\/div>\n\t\t\t\t<div class=\"elementor-element elementor-element-c03338b elementor-widget elementor-widget-wdt-shop-products\" data-id=\"c03338b\" data-element_type=\"widget\" data-settings=\"{&quot;wdt_animation_effect&quot;:&quot;none&quot;}\" data-widget_type=\"wdt-shop-products.default\">\n\t\t\t\t<div class=\"elementor-widget-container\">\n\t\t\t\t\t<div class=\"wdt-products-container woocommerce   wdt-products-carousel-c03338b\" ><ul class=\"products  product-style-default product-hover-secimage-fade product-with-space product-padding-default wdt-cus-product-type-3 true product-label-boxed thumb false product-thumb-alignment-bottom product-thumb-iconsgroup-position-vertical vertical-position-top-right product-thumb-iconsgroup-style-bgfill-square product-thumb-buttonelement-style-simple product-thumb-buttonelement-stretch product-content-alignment-center product-content-iconsgroup-style-simple product-content-buttonelement-style-simple column-4 \"><li class=\"product isotope-grid-sizer\"><div class=\"wdt-col wdt-col-xs-12 wdt-col-sm-6 wdt-col-md-6 wdt-col-qxlg-4 wdt-col-hxlg-3 wdt-col-lg-3\"><\/div><\/li><li class=\"product-grid-view product type-product post-7945 status-publish first instock product_cat-jana product_tag-anillos has-post-thumbnail shipping-taxable purchasable product-type-variable\">\n\t<div class=\"wdt-col wdt-col-xs-12 wdt-col-sm-6 wdt-col-md-6 wdt-col-qxlg-4 wdt-col-hxlg-3 wdt-col-lg-3\"><div class=\"product-wrapper\" ><div class=\"product-thumb\"><a class=\"image\" href=\"https:\/\/saonajoies.com\/es\/producto\/anillo-jana-ola\/\" title=\"Anillo Jana ola\"><div class=\"product-thumb-overlay\" ><\/div><div class=\"product-labels\"><\/div><div class=\"primary-image\"><img decoding=\"async\" src=\"https:\/\/saonajoies.com\/wp-content\/uploads\/2025\/07\/saona_05.2025-valentinakalaydjian.studio-48-1000x1000.jpg\" alt=\"Shop Primary Image\" title=\"Shop Primary Image\" \/><\/div><\/a><div class=\"product-thumb-content\" ><div class=\"product-buttons-wrapper product-icons\"><div class=\"wc_inline_buttons\"><div class=\"wcqv_btn_wrapper wc_btn_inline\" data-tooltip=\"Quick View\"><a href=\"#\" class=\"button yith-wcqv-button\" data-product_id=\"7945\">Quick View<\/a><\/div><\/div><\/div><div class=\"product-buttons-wrapper product-button\"><div class=\"wc_inline_buttons\"><div class=\"wcct_btn_wrapper wc_btn_inline\" data-tooltip=\"Add To Cart\"><a href=\"https:\/\/saonajoies.com\/es\/producto\/anillo-jana-ola\/\" aria-describedby=\"woocommerce_loop_add_to_cart_link_describedby_7945\" data-quantity=\"1\" class=\"wdt-button too-small button product_type_variable add_to_cart_button\" data-product_id=\"7945\" data-product_sku=\"007-1\" aria-label=\"Elige las opciones para &ldquo;Anillo Jana ola&rdquo;\" rel=\"nofollow\">Seleccionar opciones<\/a>\t<span id=\"woocommerce_loop_add_to_cart_link_describedby_7945\" class=\"wdt-button too-small screen-reader-text\">\n\t\tEste producto tiene m\u00faltiples variantes. Las opciones se pueden elegir en la p\u00e1gina de producto\t<\/span>\n<\/div><\/div><\/div><\/div><\/div><div class=\"product-details\"><div class=\"product-category-wrapper\"><a href=\"https:\/\/saonajoies.com\/es\/categoria-producto\/jana\/\" rel=\"tag\">Jana<\/a><\/div><div class=\"product-title\"><h5><a href=\"https:\/\/saonajoies.com\/es\/producto\/anillo-jana-ola\/\">Anillo Jana ola<\/a><\/h5><\/div><div class=\"product-price\"><span class=\"price\"><span class=\"woocommerce-Price-amount amount\"><bdi>77,00&nbsp;<span class=\"woocommerce-Price-currencySymbol\">&euro;<\/span><\/bdi><\/span> &ndash; <span class=\"woocommerce-Price-amount amount\"><bdi>97,00&nbsp;<span class=\"woocommerce-Price-currencySymbol\">&euro;<\/span><\/bdi><\/span><\/span><\/div><\/div><\/div><\/div><\/li>\n<li class=\"product-grid-view product type-product post-4627 status-publish outofstock product_cat-jana product_tag-pendientes has-post-thumbnail featured shipping-taxable purchasable product-type-variable\">\n\t<div class=\"wdt-col wdt-col-xs-12 wdt-col-sm-6 wdt-col-md-6 wdt-col-qxlg-4 wdt-col-hxlg-3 wdt-col-lg-3\"><div class=\"product-wrapper\" ><div class=\"product-thumb\"><div class=\"featured-tag\">\r\n\t\t\t\t\t\t\t\t\t<div>\r\n\t\t\t\t\t\t\t\t\t\t<i class=\"wdticon-thumb-tack\"><\/i>\r\n\t\t\t\t\t\t\t\t\t\t<span>Featured<\/span>\r\n\t\t\t\t\t\t\t\t\t<\/div>\r\n\t\t\t\t\t\t\t\t<\/div><a class=\"image\" href=\"https:\/\/saonajoies.com\/es\/producto\/aros-jana\/\" title=\"Aros Jana\"><div class=\"product-thumb-overlay\" ><\/div><div class=\"product-labels\"><span class=\"out-of-stock\"><span>Sold Out<\/span><\/span><\/div><div class=\"primary-image\"><img decoding=\"async\" src=\"https:\/\/saonajoies.com\/wp-content\/uploads\/2025\/01\/Penjoll-SOL-aros-JANA-i-anells-JANA-134-1000x1000.jpg\" alt=\"Shop Primary Image\" title=\"Shop Primary Image\" \/><\/div><\/a><div class=\"product-thumb-content\" ><div class=\"product-buttons-wrapper product-icons\"><div class=\"wc_inline_buttons\"><div class=\"wcqv_btn_wrapper wc_btn_inline\" data-tooltip=\"Quick View\"><a href=\"#\" class=\"button yith-wcqv-button\" data-product_id=\"4627\">Quick View<\/a><\/div><\/div><\/div><div class=\"product-buttons-wrapper product-button\"><div class=\"wc_inline_buttons\"><div class=\"wcct_btn_wrapper wc_btn_inline\" data-tooltip=\"Add To Cart\"><a href=\"https:\/\/saonajoies.com\/es\/producto\/aros-jana\/\" aria-describedby=\"woocommerce_loop_add_to_cart_link_describedby_4627\" data-quantity=\"1\" class=\"wdt-button too-small button product_type_variable\" data-product_id=\"4627\" data-product_sku=\"011\" aria-label=\"Elige las opciones para &ldquo;Aros Jana&rdquo;\" rel=\"nofollow\">Seleccionar opciones<\/a>\t<span id=\"woocommerce_loop_add_to_cart_link_describedby_4627\" class=\"wdt-button too-small screen-reader-text\">\n\t\tEste producto tiene m\u00faltiples variantes. Las opciones se pueden elegir en la p\u00e1gina de producto\t<\/span>\n<\/div><\/div><\/div><\/div><\/div><div class=\"product-details\"><div class=\"product-category-wrapper\"><a href=\"https:\/\/saonajoies.com\/es\/categoria-producto\/jana\/\" rel=\"tag\">Jana<\/a><\/div><div class=\"product-title\"><h5><a href=\"https:\/\/saonajoies.com\/es\/producto\/aros-jana\/\">Aros Jana<\/a><\/h5><\/div><div class=\"product-price\"><span class=\"price\"><span class=\"woocommerce-Price-amount amount\"><bdi>75,00&nbsp;<span class=\"woocommerce-Price-currencySymbol\">&euro;<\/span><\/bdi><\/span> &ndash; <span class=\"woocommerce-Price-amount amount\"><bdi>95,00&nbsp;<span class=\"woocommerce-Price-currencySymbol\">&euro;<\/span><\/bdi><\/span><\/span><\/div><\/div><\/div><\/div><\/li>\n<li class=\"product-grid-view product type-product post-4608 status-publish instock product_cat-jana product_tag-anillos has-post-thumbnail shipping-taxable purchasable product-type-variable\">\n\t<div class=\"wdt-col wdt-col-xs-12 wdt-col-sm-6 wdt-col-md-6 wdt-col-qxlg-4 wdt-col-hxlg-3 wdt-col-lg-3\"><div class=\"product-wrapper\" ><div class=\"product-thumb\"><a class=\"image\" href=\"https:\/\/saonajoies.com\/es\/producto\/anillo-jana-sello\/\" title=\"Anillo Jana sello\"><div class=\"product-thumb-overlay\" ><\/div><div class=\"product-labels\"><\/div><div class=\"primary-image\"><img decoding=\"async\" src=\"https:\/\/saonajoies.com\/wp-content\/uploads\/2025\/01\/segell-jana-02.-JPG-1000x1000.jpg\" alt=\"Shop Primary Image\" title=\"Shop Primary Image\" \/><\/div><\/a><div class=\"product-thumb-content\" ><div class=\"product-buttons-wrapper product-icons\"><div class=\"wc_inline_buttons\"><div class=\"wcqv_btn_wrapper wc_btn_inline\" data-tooltip=\"Quick View\"><a href=\"#\" class=\"button yith-wcqv-button\" data-product_id=\"4608\">Quick View<\/a><\/div><\/div><\/div><div class=\"product-buttons-wrapper product-button\"><div class=\"wc_inline_buttons\"><div class=\"wcct_btn_wrapper wc_btn_inline\" data-tooltip=\"Add To Cart\"><a href=\"https:\/\/saonajoies.com\/es\/producto\/anillo-jana-sello\/\" aria-describedby=\"woocommerce_loop_add_to_cart_link_describedby_4608\" data-quantity=\"1\" class=\"wdt-button too-small button product_type_variable add_to_cart_button\" data-product_id=\"4608\" data-product_sku=\"010\" aria-label=\"Elige las opciones para &ldquo;Anillo Jana sello&rdquo;\" rel=\"nofollow\">Seleccionar opciones<\/a>\t<span id=\"woocommerce_loop_add_to_cart_link_describedby_4608\" class=\"wdt-button too-small screen-reader-text\">\n\t\tEste producto tiene m\u00faltiples variantes. Las opciones se pueden elegir en la p\u00e1gina de producto\t<\/span>\n<\/div><\/div><\/div><\/div><\/div><div class=\"product-details\"><div class=\"product-category-wrapper\"><a href=\"https:\/\/saonajoies.com\/es\/categoria-producto\/jana\/\" rel=\"tag\">Jana<\/a><\/div><div class=\"product-title\"><h5><a href=\"https:\/\/saonajoies.com\/es\/producto\/anillo-jana-sello\/\">Anillo Jana sello<\/a><\/h5><\/div><div class=\"product-price\"><span class=\"price\"><span class=\"woocommerce-Price-amount amount\"><bdi>82,00&nbsp;<span class=\"woocommerce-Price-currencySymbol\">&euro;<\/span><\/bdi><\/span> &ndash; <span class=\"woocommerce-Price-amount amount\"><bdi>97,00&nbsp;<span class=\"woocommerce-Price-currencySymbol\">&euro;<\/span><\/bdi><\/span><\/span><\/div><\/div><\/div><\/div><\/li>\n<li class=\"product-grid-view product type-product post-4577 status-publish last outofstock product_cat-jana product_tag-anillos has-post-thumbnail shipping-taxable purchasable product-type-variable\">\n\t<div class=\"wdt-col wdt-col-xs-12 wdt-col-sm-6 wdt-col-md-6 wdt-col-qxlg-4 wdt-col-hxlg-3 wdt-col-lg-3\"><div class=\"product-wrapper\" ><div class=\"product-thumb\"><a class=\"image\" href=\"https:\/\/saonajoies.com\/es\/producto\/anillo-jana-cupula\/\" title=\"Anillo Jana c\u00fapula\"><div class=\"product-thumb-overlay\" ><\/div><div class=\"product-labels\"><span class=\"out-of-stock\"><span>Sold Out<\/span><\/span><\/div><div class=\"primary-image\"><img decoding=\"async\" src=\"https:\/\/saonajoies.com\/wp-content\/uploads\/2025\/02\/anell-cupula-jana-02-1000x1000.jpg\" alt=\"Shop Primary Image\" title=\"Shop Primary Image\" \/><\/div><\/a><div class=\"product-thumb-content\" ><div class=\"product-buttons-wrapper product-icons\"><div class=\"wc_inline_buttons\"><div class=\"wcqv_btn_wrapper wc_btn_inline\" data-tooltip=\"Quick View\"><a href=\"#\" class=\"button yith-wcqv-button\" data-product_id=\"4577\">Quick View<\/a><\/div><\/div><\/div><div class=\"product-buttons-wrapper product-button\"><div class=\"wc_inline_buttons\"><div class=\"wcct_btn_wrapper wc_btn_inline\" data-tooltip=\"Add To Cart\"><a href=\"https:\/\/saonajoies.com\/es\/producto\/anillo-jana-cupula\/\" aria-describedby=\"woocommerce_loop_add_to_cart_link_describedby_4577\" data-quantity=\"1\" class=\"wdt-button too-small button product_type_variable\" data-product_id=\"4577\" data-product_sku=\"009\" aria-label=\"Elige las opciones para &ldquo;Anillo Jana c\u00fapula&rdquo;\" rel=\"nofollow\">Seleccionar opciones<\/a>\t<span id=\"woocommerce_loop_add_to_cart_link_describedby_4577\" class=\"wdt-button too-small screen-reader-text\">\n\t\tEste producto tiene m\u00faltiples variantes. Las opciones se pueden elegir en la p\u00e1gina de producto\t<\/span>\n<\/div><\/div><\/div><\/div><\/div><div class=\"product-details\"><div class=\"product-category-wrapper\"><a href=\"https:\/\/saonajoies.com\/es\/categoria-producto\/jana\/\" rel=\"tag\">Jana<\/a><\/div><div class=\"product-title\"><h5><a href=\"https:\/\/saonajoies.com\/es\/producto\/anillo-jana-cupula\/\">Anillo Jana c\u00fapula<\/a><\/h5><\/div><div class=\"product-price\"><span class=\"price\"><span class=\"woocommerce-Price-amount amount\"><bdi>70,00&nbsp;<span class=\"woocommerce-Price-currencySymbol\">&euro;<\/span><\/bdi><\/span> &ndash; <span class=\"woocommerce-Price-amount amount\"><bdi>85,00&nbsp;<span class=\"woocommerce-Price-currencySymbol\">&euro;<\/span><\/bdi><\/span><\/span><\/div><\/div><\/div><\/div><\/li>\n<li class=\"product-grid-view product type-product post-4554 status-publish first instock product_cat-jana product_tag-anillos has-post-thumbnail shipping-taxable purchasable product-type-variable\">\n\t<div class=\"wdt-col wdt-col-xs-12 wdt-col-sm-6 wdt-col-md-6 wdt-col-qxlg-4 wdt-col-hxlg-3 wdt-col-lg-3\"><div class=\"product-wrapper\" ><div class=\"product-thumb\"><a class=\"image\" href=\"https:\/\/saonajoies.com\/es\/producto\/anillo-jana-fino\/\" title=\"Anillo Jana fino\"><div class=\"product-thumb-overlay\" ><\/div><div class=\"product-labels\"><\/div><div class=\"primary-image\"><img decoding=\"async\" src=\"https:\/\/saonajoies.com\/wp-content\/uploads\/2025\/01\/JANA-anell-prim-or-i-anell-or-124-1000x1000.jpg\" alt=\"Shop Primary Image\" title=\"Shop Primary Image\" \/><\/div><\/a><div class=\"product-thumb-content\" ><div class=\"product-buttons-wrapper product-icons\"><div class=\"wc_inline_buttons\"><div class=\"wcqv_btn_wrapper wc_btn_inline\" data-tooltip=\"Quick View\"><a href=\"#\" class=\"button yith-wcqv-button\" data-product_id=\"4554\">Quick View<\/a><\/div><\/div><\/div><div class=\"product-buttons-wrapper product-button\"><div class=\"wc_inline_buttons\"><div class=\"wcct_btn_wrapper wc_btn_inline\" data-tooltip=\"Add To Cart\"><a href=\"https:\/\/saonajoies.com\/es\/producto\/anillo-jana-fino\/\" aria-describedby=\"woocommerce_loop_add_to_cart_link_describedby_4554\" data-quantity=\"1\" class=\"wdt-button too-small button product_type_variable add_to_cart_button\" data-product_id=\"4554\" data-product_sku=\"008\" aria-label=\"Elige las opciones para &ldquo;Anillo Jana fino&rdquo;\" rel=\"nofollow\">Seleccionar opciones<\/a>\t<span id=\"woocommerce_loop_add_to_cart_link_describedby_4554\" class=\"wdt-button too-small screen-reader-text\">\n\t\tEste producto tiene m\u00faltiples variantes. Las opciones se pueden elegir en la p\u00e1gina de producto\t<\/span>\n<\/div><\/div><\/div><\/div><\/div><div class=\"product-details\"><div class=\"product-category-wrapper\"><a href=\"https:\/\/saonajoies.com\/es\/categoria-producto\/jana\/\" rel=\"tag\">Jana<\/a><\/div><div class=\"product-title\"><h5><a href=\"https:\/\/saonajoies.com\/es\/producto\/anillo-jana-fino\/\">Anillo Jana fino<\/a><\/h5><\/div><div class=\"product-price\"><span class=\"price\"><span class=\"woocommerce-Price-amount amount\"><bdi>58,00&nbsp;<span class=\"woocommerce-Price-currencySymbol\">&euro;<\/span><\/bdi><\/span> &ndash; <span class=\"woocommerce-Price-amount amount\"><bdi>73,00&nbsp;<span class=\"woocommerce-Price-currencySymbol\">&euro;<\/span><\/bdi><\/span><\/span><\/div><\/div><\/div><\/div><\/li>\n<li class=\"product-grid-view product type-product post-4535 status-publish instock product_cat-jana product_tag-anillos has-post-thumbnail shipping-taxable purchasable product-type-variable\">\n\t<div class=\"wdt-col wdt-col-xs-12 wdt-col-sm-6 wdt-col-md-6 wdt-col-qxlg-4 wdt-col-hxlg-3 wdt-col-lg-3\"><div class=\"product-wrapper\" ><div class=\"product-thumb\"><a class=\"image\" href=\"https:\/\/saonajoies.com\/es\/producto\/anillo-jana\/\" title=\"Anillo Jana\"><div class=\"product-thumb-overlay\" ><\/div><div class=\"product-labels\"><\/div><div class=\"primary-image\"><img decoding=\"async\" src=\"https:\/\/saonajoies.com\/wp-content\/uploads\/2025\/01\/JANA-anell-prim-or-i-anell-or-125-1000x1000.jpg\" alt=\"Shop Primary Image\" title=\"Shop Primary Image\" \/><\/div><\/a><div class=\"product-thumb-content\" ><div class=\"product-buttons-wrapper product-icons\"><div class=\"wc_inline_buttons\"><div class=\"wcqv_btn_wrapper wc_btn_inline\" data-tooltip=\"Quick View\"><a href=\"#\" class=\"button yith-wcqv-button\" data-product_id=\"4535\">Quick View<\/a><\/div><\/div><\/div><div class=\"product-buttons-wrapper product-button\"><div class=\"wc_inline_buttons\"><div class=\"wcct_btn_wrapper wc_btn_inline\" data-tooltip=\"Add To Cart\"><a href=\"https:\/\/saonajoies.com\/es\/producto\/anillo-jana\/\" aria-describedby=\"woocommerce_loop_add_to_cart_link_describedby_4535\" data-quantity=\"1\" class=\"wdt-button too-small button product_type_variable add_to_cart_button\" data-product_id=\"4535\" data-product_sku=\"007\" aria-label=\"Elige las opciones para &ldquo;Anillo Jana&rdquo;\" rel=\"nofollow\">Seleccionar opciones<\/a>\t<span id=\"woocommerce_loop_add_to_cart_link_describedby_4535\" class=\"wdt-button too-small screen-reader-text\">\n\t\tEste producto tiene m\u00faltiples variantes. Las opciones se pueden elegir en la p\u00e1gina de producto\t<\/span>\n<\/div><\/div><\/div><\/div><\/div><div class=\"product-details\"><div class=\"product-category-wrapper\"><a href=\"https:\/\/saonajoies.com\/es\/categoria-producto\/jana\/\" rel=\"tag\">Jana<\/a><\/div><div class=\"product-title\"><h5><a href=\"https:\/\/saonajoies.com\/es\/producto\/anillo-jana\/\">Anillo Jana<\/a><\/h5><\/div><div class=\"product-price\"><span class=\"price\"><span class=\"woocommerce-Price-amount amount\"><bdi>70,00&nbsp;<span class=\"woocommerce-Price-currencySymbol\">&euro;<\/span><\/bdi><\/span> &ndash; <span class=\"woocommerce-Price-amount amount\"><bdi>85,00&nbsp;<span class=\"woocommerce-Price-currencySymbol\">&euro;<\/span><\/bdi><\/span><\/span><\/div><\/div><\/div><\/div><\/li>\n<\/ul><\/div>\t\t\t\t<\/div>\n\t\t\t\t<\/div>\n\t\t\t\t<\/div>\n\t\t\t\t<\/div>\n\t\t","protected":false},"excerpt":{"rendered":"<p>Colecci\u00f3n piezas org\u00e1nicas de superficies suaves, olas lisas y vol\u00famenes jana productos de la colecci\u00f3n Featured Quick ViewSeleccionar opciones Este producto tiene m\u00faltiples variantes. Las opciones se pueden elegir en la p\u00e1gina de producto Jana Aros Jana &euro;59.00 &ndash; &euro;69.00 Featured Quick ViewSeleccionar opciones Este producto tiene m\u00faltiples variantes. Las opciones se pueden elegir en [&hellip;]<\/p>\n","protected":false},"author":1,"featured_media":0,"parent":0,"menu_order":0,"comment_status":"closed","ping_status":"closed","template":"elementor_header_footer","meta":{"footnotes":""},"class_list":["post-2681","page","type-page","status-publish","hentry"],"aioseo_notices":[],"_links":{"self":[{"href":"https:\/\/saonajoies.com\/es\/wp-json\/wp\/v2\/pages\/2681","targetHints":{"allow":["GET"]}}],"collection":[{"href":"https:\/\/saonajoies.com\/es\/wp-json\/wp\/v2\/pages"}],"about":[{"href":"https:\/\/saonajoies.com\/es\/wp-json\/wp\/v2\/types\/page"}],"author":[{"embeddable":true,"href":"https:\/\/saonajoies.com\/es\/wp-json\/wp\/v2\/users\/1"}],"replies":[{"embeddable":true,"href":"https:\/\/saonajoies.com\/es\/wp-json\/wp\/v2\/comments?post=2681"}],"version-history":[{"count":23,"href":"https:\/\/saonajoies.com\/es\/wp-json\/wp\/v2\/pages\/2681\/revisions"}],"predecessor-version":[{"id":6070,"href":"https:\/\/saonajoies.com\/es\/wp-json\/wp\/v2\/pages\/2681\/revisions\/6070"}],"wp:attachment":[{"href":"https:\/\/saonajoies.com\/es\/wp-json\/wp\/v2\/media?parent=2681"}],"curies":[{"name":"wp","href":"https:\/\/api.w.org\/{rel}","templated":true}]}}