{"id":2680,"date":"2025-02-05T12:22:47","date_gmt":"2025-02-05T12:22:47","guid":{"rendered":"https:\/\/beta.saonajoies.com\/?page_id=2680"},"modified":"2025-03-31T14:41:57","modified_gmt":"2025-03-31T14:41:57","slug":"soft","status":"publish","type":"page","link":"https:\/\/saonajoies.com\/es\/soft\/","title":{"rendered":"Soft"},"content":{"rendered":"\t\t<div data-elementor-type=\"wp-page\" data-elementor-id=\"2680\" class=\"elementor elementor-2680\">\n\t\t\t\t<div class=\"elementor-element elementor-element-948e684 e-flex e-con-boxed e-con e-parent\" data-id=\"948e684\" data-element_type=\"container\">\n\t\t\t\t\t<div class=\"e-con-inner\">\n\t\t\t\t<div class=\"elementor-element elementor-element-7a091ae elementor-widget elementor-widget-wdt-heading\" data-id=\"7a091ae\" data-element_type=\"widget\" data-settings=\"{&quot;title_vertical_align&quot;:&quot;center&quot;,&quot;subtitle_vertical_align&quot;:&quot;center&quot;,&quot;wdt_animation_effect&quot;:&quot;none&quot;}\" data-widget_type=\"wdt-heading.default\">\n\t\t\t\t<div class=\"elementor-widget-container\">\n\t\t\t\t\t<div class=\"wdt-heading-holder \" id=\"wdt-heading-7a091ae\"><div class=\"wdt-heading-subtitle-wrapper wdt-heading-align-center \"><span class=\"wdt-heading-subtitle\">Colecci\u00f3n<\/span><\/div><h2 class=\"wdt-heading-title-wrapper wdt-heading-align-center wdt-heading-deco-wrapper\"><span class=\"wdt-heading-title\">Piezas ligeras y suaves, un complemento esencial para la belleza que ya existe en quien las lleva<\/span><\/h2><\/div>\t\t\t\t<\/div>\n\t\t\t\t<\/div>\n\t\t\t\t\t<\/div>\n\t\t\t\t<\/div>\n\t\t<div class=\"elementor-element elementor-element-8efdcdd e-grid e-con-full e-con e-parent\" data-id=\"8efdcdd\" data-element_type=\"container\">\n\t\t\t\t<div class=\"elementor-element elementor-element-b80b9ba elementor-invisible elementor-widget elementor-widget-image\" data-id=\"b80b9ba\" data-element_type=\"widget\" data-settings=\"{&quot;_animation&quot;:&quot;slideInLeft&quot;,&quot;wdt_animation_effect&quot;:&quot;none&quot;}\" data-widget_type=\"image.default\">\n\t\t\t\t<div class=\"elementor-widget-container\">\n\t\t\t\t\t\t\t\t\t\t\t\t\t\t\t<img fetchpriority=\"high\" decoding=\"async\" width=\"1253\" height=\"1123\" src=\"https:\/\/saonajoies.com\/wp-content\/uploads\/2025\/02\/soft-SaonaJoies-1.jpg\" class=\"attachment-full size-full wp-image-4955\" alt=\"\" srcset=\"https:\/\/saonajoies.com\/wp-content\/uploads\/2025\/02\/soft-SaonaJoies-1.jpg 1253w, https:\/\/saonajoies.com\/wp-content\/uploads\/2025\/02\/soft-SaonaJoies-1-1000x896.jpg 1000w, https:\/\/saonajoies.com\/wp-content\/uploads\/2025\/02\/soft-SaonaJoies-1-300x269.jpg 300w, https:\/\/saonajoies.com\/wp-content\/uploads\/2025\/02\/soft-SaonaJoies-1-1024x918.jpg 1024w, https:\/\/saonajoies.com\/wp-content\/uploads\/2025\/02\/soft-SaonaJoies-1-768x688.jpg 768w\" sizes=\"(max-width: 1253px) 100vw, 1253px\" \/>\t\t\t\t\t\t\t\t\t\t\t\t\t\t\t<\/div>\n\t\t\t\t<\/div>\n\t\t\t\t<div class=\"elementor-element elementor-element-4da62cf elementor-invisible elementor-widget elementor-widget-image\" data-id=\"4da62cf\" data-element_type=\"widget\" data-settings=\"{&quot;_animation&quot;:&quot;slideInRight&quot;,&quot;wdt_animation_effect&quot;:&quot;none&quot;}\" data-widget_type=\"image.default\">\n\t\t\t\t<div class=\"elementor-widget-container\">\n\t\t\t\t\t\t\t\t\t\t\t\t\t\t\t<img decoding=\"async\" width=\"1253\" height=\"1123\" src=\"https:\/\/saonajoies.com\/wp-content\/uploads\/2025\/02\/soft-SaonaJoies-2.jpg\" class=\"attachment-full size-full wp-image-4958\" alt=\"\" srcset=\"https:\/\/saonajoies.com\/wp-content\/uploads\/2025\/02\/soft-SaonaJoies-2.jpg 1253w, https:\/\/saonajoies.com\/wp-content\/uploads\/2025\/02\/soft-SaonaJoies-2-1000x896.jpg 1000w, https:\/\/saonajoies.com\/wp-content\/uploads\/2025\/02\/soft-SaonaJoies-2-300x269.jpg 300w, https:\/\/saonajoies.com\/wp-content\/uploads\/2025\/02\/soft-SaonaJoies-2-1024x918.jpg 1024w, https:\/\/saonajoies.com\/wp-content\/uploads\/2025\/02\/soft-SaonaJoies-2-768x688.jpg 768w\" sizes=\"(max-width: 1253px) 100vw, 1253px\" \/>\t\t\t\t\t\t\t\t\t\t\t\t\t\t\t<\/div>\n\t\t\t\t<\/div>\n\t\t\t\t<\/div>\n\t\t<div class=\"elementor-element elementor-element-49c2597 e-con-full e-flex e-con e-parent\" data-id=\"49c2597\" data-element_type=\"container\">\n\t\t\t\t<div class=\"elementor-element elementor-element-44e2a96 elementor-widget elementor-widget-wdt-heading\" data-id=\"44e2a96\" data-element_type=\"widget\" data-settings=\"{&quot;title_vertical_align&quot;:&quot;center&quot;,&quot;subtitle_vertical_align&quot;:&quot;center&quot;,&quot;wdt_animation_effect&quot;:&quot;none&quot;}\" data-widget_type=\"wdt-heading.default\">\n\t\t\t\t<div class=\"elementor-widget-container\">\n\t\t\t\t\t<div class=\"wdt-heading-holder \" id=\"wdt-heading-44e2a96\"><div class=\"wdt-heading-subtitle-wrapper wdt-heading-align-center \"><span class=\"wdt-heading-subtitle\">soft<\/span><\/div><h2 class=\"wdt-heading-title-wrapper wdt-heading-align-center wdt-heading-deco-wrapper\"><span class=\"wdt-heading-title\">productos de la colecci\u00f3n<\/span><\/h2><\/div>\t\t\t\t<\/div>\n\t\t\t\t<\/div>\n\t\t\t\t<div class=\"elementor-element elementor-element-debf906 elementor-widget elementor-widget-wdt-shop-products\" data-id=\"debf906\" data-element_type=\"widget\" data-settings=\"{&quot;wdt_animation_effect&quot;:&quot;none&quot;}\" data-widget_type=\"wdt-shop-products.default\">\n\t\t\t\t<div class=\"elementor-widget-container\">\n\t\t\t\t\t<div class=\"wdt-products-container woocommerce   wdt-products-carousel-debf906\" ><ul class=\"products  product-style-default product-hover-secimage-fade product-with-space product-padding-default wdt-cus-product-type-3 true product-label-boxed thumb false product-thumb-alignment-bottom product-thumb-iconsgroup-position-vertical vertical-position-top-right product-thumb-iconsgroup-style-bgfill-square product-thumb-buttonelement-style-simple product-thumb-buttonelement-stretch product-content-alignment-center product-content-iconsgroup-style-simple product-content-buttonelement-style-simple column-4 \"><li class=\"product isotope-grid-sizer\"><div class=\"wdt-col wdt-col-xs-12 wdt-col-sm-6 wdt-col-md-6 wdt-col-qxlg-4 wdt-col-hxlg-3 wdt-col-lg-3\"><\/div><\/li><li class=\"product-grid-view product type-product post-4771 status-publish first instock product_cat-soft product_tag-pendientes has-post-thumbnail shipping-taxable purchasable product-type-variable\">\n\t<div class=\"wdt-col wdt-col-xs-12 wdt-col-sm-6 wdt-col-md-6 wdt-col-qxlg-4 wdt-col-hxlg-3 wdt-col-lg-3\"><div class=\"product-wrapper\" ><div class=\"product-thumb\"><a class=\"image\" href=\"https:\/\/saonajoies.com\/es\/producto\/pendientes-soft\/\" title=\"Pendientes Soft\"><div class=\"product-thumb-overlay\" ><\/div><div class=\"product-labels\"><\/div><div class=\"primary-image\"><img decoding=\"async\" src=\"https:\/\/saonajoies.com\/wp-content\/uploads\/2025\/01\/aro-soft-or-1000x1000.jpg\" alt=\"Shop Primary Image\" title=\"Shop Primary Image\" \/><\/div><\/a><div class=\"product-thumb-content\" ><div class=\"product-buttons-wrapper product-icons\"><div class=\"wc_inline_buttons\"><div class=\"wcqv_btn_wrapper wc_btn_inline\" data-tooltip=\"Quick View\"><a href=\"#\" class=\"button yith-wcqv-button\" data-product_id=\"4771\">Quick View<\/a><\/div><\/div><\/div><div class=\"product-buttons-wrapper product-button\"><div class=\"wc_inline_buttons\"><div class=\"wcct_btn_wrapper wc_btn_inline\" data-tooltip=\"Add To Cart\"><a href=\"https:\/\/saonajoies.com\/es\/producto\/pendientes-soft\/\" aria-describedby=\"woocommerce_loop_add_to_cart_link_describedby_4771\" data-quantity=\"1\" class=\"wdt-button too-small button product_type_variable add_to_cart_button\" data-product_id=\"4771\" data-product_sku=\"023\" aria-label=\"Elige las opciones para &ldquo;Pendientes Soft&rdquo;\" rel=\"nofollow\">Seleccionar opciones<\/a>\t<span id=\"woocommerce_loop_add_to_cart_link_describedby_4771\" class=\"wdt-button too-small screen-reader-text\">\n\t\tEste producto tiene m\u00faltiples variantes. Las opciones se pueden elegir en la p\u00e1gina de producto\t<\/span>\n<\/div><\/div><\/div><\/div><\/div><div class=\"product-details\"><div class=\"product-category-wrapper\"><a href=\"https:\/\/saonajoies.com\/es\/categoria-producto\/soft\/\" rel=\"tag\">Soft<\/a><\/div><div class=\"product-title\"><h5><a href=\"https:\/\/saonajoies.com\/es\/producto\/pendientes-soft\/\">Pendientes Soft<\/a><\/h5><\/div><div class=\"product-price\"><span class=\"price\"><span class=\"woocommerce-Price-amount amount\"><bdi>35,00&nbsp;<span class=\"woocommerce-Price-currencySymbol\">&euro;<\/span><\/bdi><\/span> &ndash; <span class=\"woocommerce-Price-amount amount\"><bdi>45,00&nbsp;<span class=\"woocommerce-Price-currencySymbol\">&euro;<\/span><\/bdi><\/span><\/span><\/div><\/div><\/div><\/div><\/li>\n<li class=\"product-grid-view product type-product post-4767 status-publish instock product_cat-soft product_tag-pendientes has-post-thumbnail shipping-taxable purchasable product-type-variable\">\n\t<div class=\"wdt-col wdt-col-xs-12 wdt-col-sm-6 wdt-col-md-6 wdt-col-qxlg-4 wdt-col-hxlg-3 wdt-col-lg-3\"><div class=\"product-wrapper\" ><div class=\"product-thumb\"><a class=\"image\" href=\"https:\/\/saonajoies.com\/es\/producto\/pendientes-soft-dot\/\" title=\"Pendientes Soft Dot\"><div class=\"product-thumb-overlay\" ><\/div><div class=\"product-labels\"><\/div><div class=\"primary-image\"><img decoding=\"async\" src=\"https:\/\/saonajoies.com\/wp-content\/uploads\/2025\/01\/aro-soft-dot-1000x1000.jpg\" alt=\"Shop Primary Image\" title=\"Shop Primary Image\" \/><\/div><\/a><div class=\"product-thumb-content\" ><div class=\"product-buttons-wrapper product-icons\"><div class=\"wc_inline_buttons\"><div class=\"wcqv_btn_wrapper wc_btn_inline\" data-tooltip=\"Quick View\"><a href=\"#\" class=\"button yith-wcqv-button\" data-product_id=\"4767\">Quick View<\/a><\/div><\/div><\/div><div class=\"product-buttons-wrapper product-button\"><div class=\"wc_inline_buttons\"><div class=\"wcct_btn_wrapper wc_btn_inline\" data-tooltip=\"Add To Cart\"><a href=\"https:\/\/saonajoies.com\/es\/producto\/pendientes-soft-dot\/\" aria-describedby=\"woocommerce_loop_add_to_cart_link_describedby_4767\" data-quantity=\"1\" class=\"wdt-button too-small button product_type_variable add_to_cart_button\" data-product_id=\"4767\" data-product_sku=\"022\" aria-label=\"Elige las opciones para &ldquo;Pendientes Soft Dot&rdquo;\" rel=\"nofollow\">Seleccionar opciones<\/a>\t<span id=\"woocommerce_loop_add_to_cart_link_describedby_4767\" class=\"wdt-button too-small screen-reader-text\">\n\t\tEste producto tiene m\u00faltiples variantes. Las opciones se pueden elegir en la p\u00e1gina de producto\t<\/span>\n<\/div><\/div><\/div><\/div><\/div><div class=\"product-details\"><div class=\"product-category-wrapper\"><a href=\"https:\/\/saonajoies.com\/es\/categoria-producto\/soft\/\" rel=\"tag\">Soft<\/a><\/div><div class=\"product-title\"><h5><a href=\"https:\/\/saonajoies.com\/es\/producto\/pendientes-soft-dot\/\">Pendientes Soft Dot<\/a><\/h5><\/div><div class=\"product-price\"><span class=\"price\"><span class=\"woocommerce-Price-amount amount\"><bdi>40,00&nbsp;<span class=\"woocommerce-Price-currencySymbol\">&euro;<\/span><\/bdi><\/span> &ndash; <span class=\"woocommerce-Price-amount amount\"><bdi>50,00&nbsp;<span class=\"woocommerce-Price-currencySymbol\">&euro;<\/span><\/bdi><\/span><\/span><\/div><\/div><\/div><\/div><\/li>\n<li class=\"product-grid-view product type-product post-4725 status-publish instock product_cat-soft product_tag-anillos has-post-thumbnail shipping-taxable purchasable product-type-variable\">\n\t<div class=\"wdt-col wdt-col-xs-12 wdt-col-sm-6 wdt-col-md-6 wdt-col-qxlg-4 wdt-col-hxlg-3 wdt-col-lg-3\"><div class=\"product-wrapper\" ><div class=\"product-thumb\"><a class=\"image\" href=\"https:\/\/saonajoies.com\/es\/producto\/anillo-soft\/\" title=\"Anillo Soft\"><div class=\"product-thumb-overlay\" ><\/div><div class=\"product-labels\"><\/div><div class=\"primary-image\"><img decoding=\"async\" src=\"https:\/\/saonajoies.com\/wp-content\/uploads\/2025\/01\/anell-soft-or-1000x1000.jpg\" alt=\"Shop Primary Image\" title=\"Shop Primary Image\" \/><\/div><\/a><div class=\"product-thumb-content\" ><div class=\"product-buttons-wrapper product-icons\"><div class=\"wc_inline_buttons\"><div class=\"wcqv_btn_wrapper wc_btn_inline\" data-tooltip=\"Quick View\"><a href=\"#\" class=\"button yith-wcqv-button\" data-product_id=\"4725\">Quick View<\/a><\/div><\/div><\/div><div class=\"product-buttons-wrapper product-button\"><div class=\"wc_inline_buttons\"><div class=\"wcct_btn_wrapper wc_btn_inline\" data-tooltip=\"Add To Cart\"><a href=\"https:\/\/saonajoies.com\/es\/producto\/anillo-soft\/\" aria-describedby=\"woocommerce_loop_add_to_cart_link_describedby_4725\" data-quantity=\"1\" class=\"wdt-button too-small button product_type_variable add_to_cart_button\" data-product_id=\"4725\" data-product_sku=\"021\" aria-label=\"Elige las opciones para &ldquo;Anillo Soft&rdquo;\" rel=\"nofollow\">Seleccionar opciones<\/a>\t<span id=\"woocommerce_loop_add_to_cart_link_describedby_4725\" class=\"wdt-button too-small screen-reader-text\">\n\t\tEste producto tiene m\u00faltiples variantes. Las opciones se pueden elegir en la p\u00e1gina de producto\t<\/span>\n<\/div><\/div><\/div><\/div><\/div><div class=\"product-details\"><div class=\"product-category-wrapper\"><a href=\"https:\/\/saonajoies.com\/es\/categoria-producto\/soft\/\" rel=\"tag\">Soft<\/a><\/div><div class=\"product-title\"><h5><a href=\"https:\/\/saonajoies.com\/es\/producto\/anillo-soft\/\">Anillo Soft<\/a><\/h5><\/div><div class=\"product-price\"><span class=\"price\"><span class=\"woocommerce-Price-amount amount\"><bdi>25,00&nbsp;<span class=\"woocommerce-Price-currencySymbol\">&euro;<\/span><\/bdi><\/span> &ndash; <span class=\"woocommerce-Price-amount amount\"><bdi>35,00&nbsp;<span class=\"woocommerce-Price-currencySymbol\">&euro;<\/span><\/bdi><\/span><\/span><\/div><\/div><\/div><\/div><\/li>\n<li class=\"product-grid-view product type-product post-4704 status-publish last instock product_cat-soft product_tag-anillos has-post-thumbnail shipping-taxable purchasable product-type-variable\">\n\t<div class=\"wdt-col wdt-col-xs-12 wdt-col-sm-6 wdt-col-md-6 wdt-col-qxlg-4 wdt-col-hxlg-3 wdt-col-lg-3\"><div class=\"product-wrapper\" ><div class=\"product-thumb\"><a class=\"image\" href=\"https:\/\/saonajoies.com\/es\/producto\/anillo-soft-dot-2\/\" title=\"Anillo Soft Dot\"><div class=\"product-thumb-overlay\" ><\/div><div class=\"product-labels\"><\/div><div class=\"primary-image\"><img decoding=\"async\" src=\"https:\/\/saonajoies.com\/wp-content\/uploads\/2025\/01\/anell-soft-dot-or-1000x1000.jpg\" alt=\"Shop Primary Image\" title=\"Shop Primary Image\" \/><\/div><\/a><div class=\"product-thumb-content\" ><div class=\"product-buttons-wrapper product-icons\"><div class=\"wc_inline_buttons\"><div class=\"wcqv_btn_wrapper wc_btn_inline\" data-tooltip=\"Quick View\"><a href=\"#\" class=\"button yith-wcqv-button\" data-product_id=\"4704\">Quick View<\/a><\/div><\/div><\/div><div class=\"product-buttons-wrapper product-button\"><div class=\"wc_inline_buttons\"><div class=\"wcct_btn_wrapper wc_btn_inline\" data-tooltip=\"Add To Cart\"><a href=\"https:\/\/saonajoies.com\/es\/producto\/anillo-soft-dot-2\/\" aria-describedby=\"woocommerce_loop_add_to_cart_link_describedby_4704\" data-quantity=\"1\" class=\"wdt-button too-small button product_type_variable add_to_cart_button\" data-product_id=\"4704\" data-product_sku=\"020\" aria-label=\"Elige las opciones para &ldquo;Anillo Soft Dot&rdquo;\" rel=\"nofollow\">Seleccionar opciones<\/a>\t<span id=\"woocommerce_loop_add_to_cart_link_describedby_4704\" class=\"wdt-button too-small screen-reader-text\">\n\t\tEste producto tiene m\u00faltiples variantes. Las opciones se pueden elegir en la p\u00e1gina de producto\t<\/span>\n<\/div><\/div><\/div><\/div><\/div><div class=\"product-details\"><div class=\"product-category-wrapper\"><a href=\"https:\/\/saonajoies.com\/es\/categoria-producto\/soft\/\" rel=\"tag\">Soft<\/a><\/div><div class=\"product-title\"><h5><a href=\"https:\/\/saonajoies.com\/es\/producto\/anillo-soft-dot-2\/\">Anillo Soft Dot<\/a><\/h5><\/div><div class=\"product-price\"><span class=\"price\"><span class=\"woocommerce-Price-amount amount\"><bdi>30,00&nbsp;<span class=\"woocommerce-Price-currencySymbol\">&euro;<\/span><\/bdi><\/span> &ndash; <span class=\"woocommerce-Price-amount amount\"><bdi>40,00&nbsp;<span class=\"woocommerce-Price-currencySymbol\">&euro;<\/span><\/bdi><\/span><\/span><\/div><\/div><\/div><\/div><\/li>\n<\/ul><\/div>\t\t\t\t<\/div>\n\t\t\t\t<\/div>\n\t\t\t\t<\/div>\n\t\t\t\t<\/div>\n\t\t","protected":false},"excerpt":{"rendered":"<p>Colecci\u00f3n Piezas ligeras y suaves, un complemento esencial para la belleza que ya existe en quien las lleva soft productos de la colecci\u00f3n Featured Quick ViewSeleccionar opciones Este producto tiene m\u00faltiples variantes. Las opciones se pueden elegir en la p\u00e1gina de producto Soft Pendientes Soft &euro;25.00 &ndash; &euro;35.00 Featured Quick ViewSeleccionar opciones Este producto tiene [&hellip;]<\/p>\n","protected":false},"author":1,"featured_media":0,"parent":0,"menu_order":0,"comment_status":"closed","ping_status":"closed","template":"elementor_header_footer","meta":{"footnotes":""},"class_list":["post-2680","page","type-page","status-publish","hentry"],"aioseo_notices":[],"_links":{"self":[{"href":"https:\/\/saonajoies.com\/es\/wp-json\/wp\/v2\/pages\/2680","targetHints":{"allow":["GET"]}}],"collection":[{"href":"https:\/\/saonajoies.com\/es\/wp-json\/wp\/v2\/pages"}],"about":[{"href":"https:\/\/saonajoies.com\/es\/wp-json\/wp\/v2\/types\/page"}],"author":[{"embeddable":true,"href":"https:\/\/saonajoies.com\/es\/wp-json\/wp\/v2\/users\/1"}],"replies":[{"embeddable":true,"href":"https:\/\/saonajoies.com\/es\/wp-json\/wp\/v2\/comments?post=2680"}],"version-history":[{"count":28,"href":"https:\/\/saonajoies.com\/es\/wp-json\/wp\/v2\/pages\/2680\/revisions"}],"predecessor-version":[{"id":6035,"href":"https:\/\/saonajoies.com\/es\/wp-json\/wp\/v2\/pages\/2680\/revisions\/6035"}],"wp:attachment":[{"href":"https:\/\/saonajoies.com\/es\/wp-json\/wp\/v2\/media?parent=2680"}],"curies":[{"name":"wp","href":"https:\/\/api.w.org\/{rel}","templated":true}]}}