{"id":14,"date":"2025-01-24T08:18:48","date_gmt":"2025-01-24T08:18:48","guid":{"rendered":"https:\/\/beta.saonajoies.com\/?page_id=14"},"modified":"2025-05-05T08:38:25","modified_gmt":"2025-05-05T08:38:25","slug":"guia-de-tallas","status":"publish","type":"page","link":"https:\/\/saonajoies.com\/es\/guia-de-tallas\/","title":{"rendered":"Guia de tallas"},"content":{"rendered":"\t\t<div data-elementor-type=\"wp-page\" data-elementor-id=\"14\" class=\"elementor elementor-14\">\n\t\t\t\t<div class=\"elementor-element elementor-element-5ea648b6 e-flex e-con-boxed e-con e-parent\" data-id=\"5ea648b6\" data-element_type=\"container\">\n\t\t\t\t\t<div class=\"e-con-inner\">\n\t\t\t\t<div class=\"elementor-element elementor-element-d1b71c9 elementor-widget elementor-widget-wdt-heading\" data-id=\"d1b71c9\" data-element_type=\"widget\" data-settings=\"{&quot;title_vertical_align&quot;:&quot;center&quot;,&quot;subtitle_vertical_align&quot;:&quot;center&quot;,&quot;wdt_animation_effect&quot;:&quot;none&quot;}\" data-widget_type=\"wdt-heading.default\">\n\t\t\t\t<div class=\"elementor-widget-container\">\n\t\t\t\t\t<div class=\"wdt-heading-holder \" id=\"wdt-heading-d1b71c9\"><h2 class=\"wdt-heading-title-wrapper wdt-heading-align-center wdt-heading-deco-wrapper\"><span class=\"wdt-heading-title\">los anillos de saona joies se hacen siguiendo las tallas est\u00e1ndar de las medidas tatum<\/span><\/h2><\/div>\t\t\t\t<\/div>\n\t\t\t\t<\/div>\n\t\t\t\t<div class=\"elementor-element elementor-element-2c7beb1 elementor-widget elementor-widget-text-editor\" data-id=\"2c7beb1\" data-element_type=\"widget\" data-settings=\"{&quot;wdt_animation_effect&quot;:&quot;none&quot;}\" data-widget_type=\"text-editor.default\">\n\t\t\t\t<div class=\"elementor-widget-container\">\n\t\t\t\t\t\t\t\t\t<p>Si no sabes cu\u00e1l es tu talla, puedes calcularla midiendo el di\u00e1metro interior de un anillo que tengas. Tambi\u00e9n puedes medir el contorno del dedo donde lo quieras llevar. Ten en cuenta que el anillo debe pasar por el nudillo del dedo.<\/p><p>Una vez te hayas asegurado de la medida necesaria, en la tabla siguiente podr\u00e1s encontrar tu talla:<\/p>\t\t\t\t\t\t\t\t<\/div>\n\t\t\t\t<\/div>\n\t\t\t\t\t<\/div>\n\t\t\t\t<\/div>\n\t\t<div class=\"elementor-element elementor-element-983cc22 e-grid e-con-boxed e-con e-parent\" data-id=\"983cc22\" data-element_type=\"container\">\n\t\t\t\t\t<div class=\"e-con-inner\">\n\t\t\t\t<div class=\"elementor-element elementor-element-557303d elementor-widget elementor-widget-text-editor\" data-id=\"557303d\" data-element_type=\"widget\" data-settings=\"{&quot;wdt_animation_effect&quot;:&quot;none&quot;}\" data-widget_type=\"text-editor.default\">\n\t\t\t\t<div class=\"elementor-widget-container\">\n\t\t\t\t\t\t\t\t\t<p style=\"text-align: center;\"><strong><u>Talla\u00a0 \u00a0 \u00a0Di\u00e1metro\u00a0\u00a0\u00a0\u00a0 \u00a0\u00a0 Contorno<\/u><\/strong><\/p><p style=\"text-align: center;\">6\u00a0 \u00a0 \u00a0 \u00a0 \u00a0 \u00a014,64mm\u00a0\u00a0\u00a0\u00a0 \u00a0\u00a0 46mm<\/p><p style=\"text-align: center;\">7\u00a0 \u00a0 \u00a0 \u00a0 \u00a0 \u00a014,96mm\u00a0 \u00a0 \u00a0 \u00a0 \u00a047mm<\/p><p style=\"text-align: center;\">8\u00a0 \u00a0 \u00a0 \u00a0 \u00a0 \u00a015,27mm\u00a0 \u00a0 \u00a0 \u00a0 \u00a048mm<\/p><p style=\"text-align: center;\">9\u00a0 \u00a0 \u00a0 \u00a0 \u00a0 \u00a015,59mm\u00a0 \u00a0 \u00a0 \u00a0 \u00a049mm<\/p><p style=\"text-align: center;\">10\u00a0 \u00a0 \u00a0 \u00a0 \u00a0 15,91mm\u00a0 \u00a0 \u00a0 \u00a0 \u00a050mm<\/p><p style=\"text-align: center;\">11\u00a0 \u00a0 \u00a0 \u00a0 \u00a0 16,23mm\u00a0 \u00a0 \u00a0 \u00a0 \u00a051mm<\/p><p style=\"text-align: center;\">12\u00a0 \u00a0 \u00a0 \u00a0 \u00a016,55mm\u00a0 \u00a0 \u00a0 \u00a0 \u00a052mm<\/p><p style=\"text-align: center;\">13\u00a0 \u00a0 \u00a0 \u00a0 \u00a016,87mm\u00a0 \u00a0 \u00a0 \u00a0 \u00a053mm<\/p><p style=\"text-align: center;\">14\u00a0 \u00a0 \u00a0 \u00a0 \u00a017,18mm\u00a0 \u00a0 \u00a0 \u00a0 \u00a054mm<\/p><p style=\"text-align: center;\">15\u00a0 \u00a0 \u00a0 \u00a0 \u00a017,50mm\u00a0 \u00a0 \u00a0 \u00a0 \u00a055mm<\/p><p style=\"text-align: center;\">16\u00a0 \u00a0 \u00a0 \u00a0 \u00a017,82mm\u00a0 \u00a0 \u00a0 \u00a0 \u00a056mm<\/p><p style=\"text-align: center;\">17\u00a0 \u00a0 \u00a0 \u00a0 \u00a018,14mm\u00a0 \u00a0 \u00a0 \u00a0 \u00a057mm<\/p><p style=\"text-align: center;\">18\u00a0 \u00a0 \u00a0 \u00a0 \u00a018,46mm\u00a0 \u00a0 \u00a0 \u00a0 \u00a058mm<\/p><p style=\"text-align: center;\">19\u00a0 \u00a0 \u00a0 \u00a0 \u00a018,78mm\u00a0 \u00a0 \u00a0 \u00a0 \u00a059mm<\/p><p style=\"text-align: center;\">20\u00a0 \u00a0 \u00a0 \u00a0 \u00a019,10mm\u00a0 \u00a0 \u00a0 \u00a0 \u00a060mm<\/p>\t\t\t\t\t\t\t\t<\/div>\n\t\t\t\t<\/div>\n\t\t\t\t<div class=\"elementor-element elementor-element-c9fd340 elementor-widget elementor-widget-text-editor\" data-id=\"c9fd340\" data-element_type=\"widget\" data-settings=\"{&quot;wdt_animation_effect&quot;:&quot;none&quot;}\" data-widget_type=\"text-editor.default\">\n\t\t\t\t<div class=\"elementor-widget-container\">\n\t\t\t\t\t\t\t\t\t<p style=\"text-align: center;\"><strong><u>Talla\u00a0 \u00a0 \u00a0Di\u00e1metro\u00a0\u00a0\u00a0\u00a0 \u00a0\u00a0 Contorno<\/u><\/strong><\/p>\n<p style=\"text-align: center;\">21\u00a0 \u00a0 \u00a0 \u00a0 \u00a019,41mm\u00a0 \u00a0 \u00a0 \u00a0 \u00a0 61mm<\/p>\n<p style=\"text-align: center;\">22\u00a0 \u00a0 \u00a0 \u00a0 \u00a019,73mm\u00a0 \u00a0 \u00a0 \u00a0 \u00a062mm<\/p>\n<p style=\"text-align: center;\">23\u00a0 \u00a0 \u00a0 \u00a0 \u00a020,05mm\u00a0 \u00a0 \u00a0 \u00a0 \u00a063mm<\/p>\n<p style=\"text-align: center;\">24\u00a0 \u00a0 \u00a0 \u00a0 \u00a020,37mm\u00a0 \u00a0 \u00a0 \u00a0 \u00a064mm<\/p>\n<p style=\"text-align: center;\">25\u00a0 \u00a0 \u00a0 \u00a0 \u00a020,69mm\u00a0 \u00a0 \u00a0 \u00a0 \u00a065mm<\/p>\n<p style=\"text-align: center;\">26\u00a0 \u00a0 \u00a0 \u00a0 \u00a021,00mm\u00a0 \u00a0 \u00a0 \u00a0 \u00a066mm<\/p>\n<p style=\"text-align: center;\">27\u00a0 \u00a0 \u00a0 \u00a0 \u00a021,32mm\u00a0 \u00a0 \u00a0 \u00a0 \u00a067mm<\/p>\n<p style=\"text-align: center;\">28\u00a0 \u00a0 \u00a0 \u00a0 \u00a021,64mm\u00a0 \u00a0 \u00a0 \u00a0 \u00a068mm<\/p>\n<p style=\"text-align: center;\">29\u00a0 \u00a0 \u00a0 \u00a0 \u00a021,96mm\u00a0 \u00a0 \u00a0 \u00a0 \u00a069mm<\/p>\n<p style=\"text-align: center;\">30\u00a0 \u00a0 \u00a0 \u00a0 \u00a022,28mm\u00a0\u00a0\u00a0\u00a0 \u00a0\u00a0 70mm<\/p>\n<p style=\"text-align: center;\">31\u00a0 \u00a0 \u00a0 \u00a0 \u00a022,60mm\u00a0\u00a0 \u00a0\u00a0\u00a0\u00a0\u00a0 71mm<\/p>\n<p style=\"text-align: center;\">32\u00a0 \u00a0 \u00a0 \u00a0 22,92mm\u00a0 \u00a0 \u00a0 \u00a0 \u00a072mm<\/p>\n<p style=\"text-align: center;\">33\u00a0 \u00a0 \u00a0 \u00a0 \u00a023,24mm\u00a0 \u00a0 \u00a0 \u00a0 \u00a073mm<\/p>\n<p style=\"text-align: center;\">34\u00a0 \u00a0 \u00a0 \u00a0 23,56mm\u00a0 \u00a0 \u00a0 \u00a0 \u00a074mm<\/p>\n<p style=\"text-align: center;\">35\u00a0 \u00a0 \u00a0 \u00a0 \u00a023,88mm\u00a0\u00a0\u00a0\u00a0 \u00a0\u00a0 75mm<\/p>\n<p style=\"text-align: center;\">36\u00a0 \u00a0 \u00a0 \u00a0 24,20mm\u00a0 \u00a0 \u00a0 \u00a0 \u00a076mm<\/p>\t\t\t\t\t\t\t\t<\/div>\n\t\t\t\t<\/div>\n\t\t\t\t\t<\/div>\n\t\t\t\t<\/div>\n\t\t\t\t<\/div>\n\t\t","protected":false},"excerpt":{"rendered":"<p>los anillos de saona joies se hacen siguiendo las tallas est\u00e1ndar de las medidas tatum Si no sabes cu\u00e1l es tu talla, puedes calcularla midiendo el di\u00e1metro interior de un anillo que tengas. Tambi\u00e9n puedes medir el contorno del dedo donde lo quieras llevar. Ten en cuenta que el anillo debe pasar por el nudillo [&hellip;]<\/p>\n","protected":false},"author":1,"featured_media":0,"parent":0,"menu_order":0,"comment_status":"closed","ping_status":"closed","template":"","meta":{"footnotes":""},"class_list":["post-14","page","type-page","status-publish","hentry"],"aioseo_notices":[],"_links":{"self":[{"href":"https:\/\/saonajoies.com\/es\/wp-json\/wp\/v2\/pages\/14","targetHints":{"allow":["GET"]}}],"collection":[{"href":"https:\/\/saonajoies.com\/es\/wp-json\/wp\/v2\/pages"}],"about":[{"href":"https:\/\/saonajoies.com\/es\/wp-json\/wp\/v2\/types\/page"}],"author":[{"embeddable":true,"href":"https:\/\/saonajoies.com\/es\/wp-json\/wp\/v2\/users\/1"}],"replies":[{"embeddable":true,"href":"https:\/\/saonajoies.com\/es\/wp-json\/wp\/v2\/comments?post=14"}],"version-history":[{"count":31,"href":"https:\/\/saonajoies.com\/es\/wp-json\/wp\/v2\/pages\/14\/revisions"}],"predecessor-version":[{"id":6176,"href":"https:\/\/saonajoies.com\/es\/wp-json\/wp\/v2\/pages\/14\/revisions\/6176"}],"wp:attachment":[{"href":"https:\/\/saonajoies.com\/es\/wp-json\/wp\/v2\/media?parent=14"}],"curies":[{"name":"wp","href":"https:\/\/api.w.org\/{rel}","templated":true}]}}