{"id":6351,"date":"2025-05-08T15:52:55","date_gmt":"2025-05-08T15:52:55","guid":{"rendered":"https:\/\/saonajoies.com\/?page_id=6351"},"modified":"2025-05-08T17:41:15","modified_gmt":"2025-05-08T17:41:15","slug":"workshops","status":"publish","type":"page","link":"https:\/\/saonajoies.com\/en\/workshops\/","title":{"rendered":"Workshops"},"content":{"rendered":"\t\t<div data-elementor-type=\"wp-page\" data-elementor-id=\"6351\" class=\"elementor elementor-6351 elementor-6275\">\n\t\t\t\t<div class=\"elementor-element elementor-element-948e684 e-flex e-con-boxed e-con e-parent\" data-id=\"948e684\" data-element_type=\"container\">\n\t\t\t\t\t<div class=\"e-con-inner\">\n\t\t\t\t<div class=\"elementor-element elementor-element-7a091ae elementor-widget elementor-widget-wdt-heading\" data-id=\"7a091ae\" data-element_type=\"widget\" data-settings=\"{&quot;title_vertical_align&quot;:&quot;center&quot;,&quot;subtitle_vertical_align&quot;:&quot;center&quot;,&quot;wdt_animation_effect&quot;:&quot;none&quot;}\" data-widget_type=\"wdt-heading.default\">\n\t\t\t\t<div class=\"elementor-widget-container\">\n\t\t\t\t\t<div class=\"wdt-heading-holder \" id=\"wdt-heading-7a091ae\"><div class=\"wdt-heading-subtitle-wrapper wdt-heading-align-center \"><span class=\"wdt-heading-subtitle\">workshops<\/span><\/div><h2 class=\"wdt-heading-title-wrapper wdt-heading-align-center wdt-heading-deco-wrapper\"><span class=\"wdt-heading-title\">Create your own jewelry by hand in Mallorca<\/span><\/h2><\/div>\t\t\t\t<\/div>\n\t\t\t\t<\/div>\n\t\t\t\t\t<\/div>\n\t\t\t\t<\/div>\n\t\t<div class=\"elementor-element elementor-element-8efdcdd e-grid e-con-full e-con e-parent\" data-id=\"8efdcdd\" data-element_type=\"container\">\n\t\t\t\t<div class=\"elementor-element elementor-element-b80b9ba elementor-invisible elementor-widget elementor-widget-image\" data-id=\"b80b9ba\" data-element_type=\"widget\" data-settings=\"{&quot;_animation&quot;:&quot;slideInLeft&quot;,&quot;wdt_animation_effect&quot;:&quot;none&quot;}\" data-widget_type=\"image.default\">\n\t\t\t\t<div class=\"elementor-widget-container\">\n\t\t\t\t\t\t\t\t\t\t\t\t\t\t\t<img fetchpriority=\"high\" decoding=\"async\" width=\"1365\" height=\"2048\" src=\"https:\/\/saonajoies.com\/wp-content\/uploads\/2025\/05\/saona.joies_taller_penjolls-23-1-e1746718865873.jpg\" class=\"attachment-full size-full wp-image-6373\" alt=\"\" \/>\t\t\t\t\t\t\t\t\t\t\t\t\t\t\t<\/div>\n\t\t\t\t<\/div>\n\t\t\t\t<div class=\"elementor-element elementor-element-4da62cf elementor-invisible elementor-widget elementor-widget-image\" data-id=\"4da62cf\" data-element_type=\"widget\" data-settings=\"{&quot;_animation&quot;:&quot;slideInRight&quot;,&quot;wdt_animation_effect&quot;:&quot;none&quot;}\" data-widget_type=\"image.default\">\n\t\t\t\t<div class=\"elementor-widget-container\">\n\t\t\t\t\t\t\t\t\t\t\t\t\t\t\t<img decoding=\"async\" width=\"1365\" height=\"2048\" src=\"https:\/\/saonajoies.com\/wp-content\/uploads\/2025\/05\/saona.joies_taller_penjolls-05-e1746719551318.jpg\" class=\"attachment-full size-full wp-image-6385\" alt=\"\" \/>\t\t\t\t\t\t\t\t\t\t\t\t\t\t\t<\/div>\n\t\t\t\t<\/div>\n\t\t\t\t<\/div>\n\t\t<div class=\"elementor-element elementor-element-49c2597 e-con-full e-flex e-con e-parent\" data-id=\"49c2597\" data-element_type=\"container\">\n\t\t\t\t<div class=\"elementor-element elementor-element-44e2a96 elementor-widget elementor-widget-wdt-heading\" data-id=\"44e2a96\" data-element_type=\"widget\" data-settings=\"{&quot;title_vertical_align&quot;:&quot;center&quot;,&quot;subtitle_vertical_align&quot;:&quot;center&quot;,&quot;wdt_animation_effect&quot;:&quot;none&quot;}\" data-widget_type=\"wdt-heading.default\">\n\t\t\t\t<div class=\"elementor-widget-container\">\n\t\t\t\t\t<div class=\"wdt-heading-holder \" id=\"wdt-heading-44e2a96\"><div class=\"wdt-heading-subtitle-wrapper wdt-heading-align-center \"><span class=\"wdt-heading-subtitle\">available workshops<\/span><\/div><h3 class=\"wdt-heading-title-wrapper wdt-heading-align-center wdt-heading-deco-wrapper\"><span class=\"wdt-heading-title\">Choose the date that suits you best or a gift voucher valid throughout 2025<\/span><\/h3><\/div>\t\t\t\t<\/div>\n\t\t\t\t<\/div>\n\t\t\t\t<\/div>\n\t\t<div class=\"elementor-element elementor-element-f5ad1b0 e-flex e-con-boxed e-con e-parent\" data-id=\"f5ad1b0\" data-element_type=\"container\">\n\t\t\t\t\t<div class=\"e-con-inner\">\n\t\t\t\t<div class=\"elementor-element elementor-element-e20f329 elementor-widget elementor-widget-wdt-shop-products\" data-id=\"e20f329\" data-element_type=\"widget\" data-settings=\"{&quot;wdt_animation_effect&quot;:&quot;none&quot;}\" data-widget_type=\"wdt-shop-products.default\">\n\t\t\t\t<div class=\"elementor-widget-container\">\n\t\t\t\t\t<div class=\"wdt-products-container woocommerce   wdt-products-carousel-e20f329\" ><ul class=\"products  product-style-default product-hover-secimage-fade product-with-space product-padding-default wdt-cus-product-type-3 true product-label-boxed thumb false product-thumb-alignment-bottom product-thumb-iconsgroup-position-vertical vertical-position-top-right product-thumb-iconsgroup-style-bgfill-square product-thumb-buttonelement-style-simple product-thumb-buttonelement-stretch product-content-alignment-center product-content-iconsgroup-style-simple product-content-buttonelement-style-simple column-4 \"><li class=\"product isotope-grid-sizer\"><div class=\"wdt-col wdt-col-xs-12 wdt-col-sm-6 wdt-col-md-6 wdt-col-qxlg-4 wdt-col-hxlg-3 wdt-col-lg-3\"><\/div><\/li><li class=\"product-grid-view product type-product post-5056 status-publish first outofstock product_cat-bags product_tag-bags has-post-thumbnail sale shipping-taxable purchasable product-type-simple\">\n\t<div class=\"wdt-col wdt-col-xs-12 wdt-col-sm-6 wdt-col-md-6 wdt-col-qxlg-4 wdt-col-hxlg-3 wdt-col-lg-3\"><div class=\"product-wrapper\" ><div class=\"product-thumb\"><a class=\"image\" href=\"https:\/\/saonajoies.com\/en\/product\/joana-bag-turquoise\/\" title=\"Joana bag turquoise\"><div class=\"product-thumb-overlay\" ><\/div><div class=\"product-labels\"><span class=\"out-of-stock\"><span>Sold Out<\/span><\/span><\/div><div class=\"product-offers\"><span class=\"product-saved-sale\"><span>20%<\/span> off<\/span><\/div><div class=\"primary-image\"><img decoding=\"async\" src=\"https:\/\/saonajoies.com\/wp-content\/uploads\/2025\/01\/bossa-turquesa-03-1000x1000.jpg\" alt=\"Shop Primary Image\" title=\"Shop Primary Image\" \/><\/div><\/a><div class=\"product-thumb-content\" ><div class=\"product-buttons-wrapper product-icons\"><div class=\"wc_inline_buttons\"><div class=\"wcqv_btn_wrapper wc_btn_inline\" data-tooltip=\"Quick View\"><a href=\"#\" class=\"button yith-wcqv-button\" data-product_id=\"5056\">Quick View<\/a><\/div><\/div><\/div><div class=\"product-buttons-wrapper product-button\"><div class=\"wc_inline_buttons\"><div class=\"wcct_btn_wrapper wc_btn_inline\" data-tooltip=\"Add To Cart\"><a href=\"https:\/\/saonajoies.com\/en\/product\/joana-bag-turquoise\/\" aria-describedby=\"woocommerce_loop_add_to_cart_link_describedby_5056\" data-quantity=\"1\" class=\"wdt-button too-small button product_type_simple\" data-product_id=\"5056\" data-product_sku=\"040\" aria-label=\"Read more about &ldquo;Joana bag turquoise&rdquo;\" rel=\"nofollow\" data-success_message=\"\">Read more<\/a>\t<span id=\"woocommerce_loop_add_to_cart_link_describedby_5056\" class=\"wdt-button too-small screen-reader-text\">\n\t\t\t<\/span>\n<\/div><\/div><\/div><\/div><\/div><div class=\"product-details\"><div class=\"product-category-wrapper\"><a href=\"https:\/\/saonajoies.com\/en\/product-category\/bags\/\" rel=\"tag\">Bags<\/a><\/div><div class=\"product-title\"><h5><a href=\"https:\/\/saonajoies.com\/en\/product\/joana-bag-turquoise\/\">Joana bag turquoise<\/a><\/h5><\/div><div class=\"product-price\"><span class=\"price\"><del aria-hidden=\"true\"><span class=\"woocommerce-Price-amount amount\"><bdi>80,00&nbsp;<span class=\"woocommerce-Price-currencySymbol\">&euro;<\/span><\/bdi><\/span><\/del> <span class=\"screen-reader-text\">Original price was: 80,00&nbsp;&euro;.<\/span><ins aria-hidden=\"true\"><span class=\"woocommerce-Price-amount amount\"><bdi>64,00&nbsp;<span class=\"woocommerce-Price-currencySymbol\">&euro;<\/span><\/bdi><\/span><\/ins><span class=\"screen-reader-text\">Current price is: 64,00&nbsp;&euro;.<\/span><\/span><\/div><\/div><\/div><\/div><\/li>\n<li class=\"product-grid-view product type-product post-5059 status-publish instock product_cat-bags product_tag-bags has-post-thumbnail sale shipping-taxable purchasable product-type-simple\">\n\t<div class=\"wdt-col wdt-col-xs-12 wdt-col-sm-6 wdt-col-md-6 wdt-col-qxlg-4 wdt-col-hxlg-3 wdt-col-lg-3\"><div class=\"product-wrapper\" ><div class=\"product-thumb\"><a class=\"image\" href=\"https:\/\/saonajoies.com\/en\/product\/joana-bag-white\/\" title=\"Joana bag white\"><div class=\"product-thumb-overlay\" ><\/div><div class=\"product-labels\"><span class=\"onsale\"><span>Sale<\/span><\/span><\/div><div class=\"product-offers\"><span class=\"product-saved-sale\"><span>20%<\/span> off<\/span><\/div><div class=\"primary-image\"><img decoding=\"async\" src=\"https:\/\/saonajoies.com\/wp-content\/uploads\/2025\/01\/bossa-cru-05-1000x1000.jpg\" alt=\"Shop Primary Image\" title=\"Shop Primary Image\" \/><\/div><\/a><div class=\"product-thumb-content\" ><div class=\"product-buttons-wrapper product-icons\"><div class=\"wc_inline_buttons\"><div class=\"wcqv_btn_wrapper wc_btn_inline\" data-tooltip=\"Quick View\"><a href=\"#\" class=\"button yith-wcqv-button\" data-product_id=\"5059\">Quick View<\/a><\/div><\/div><\/div><div class=\"product-buttons-wrapper product-button\"><div class=\"wc_inline_buttons\"><div class=\"wcct_btn_wrapper wc_btn_inline\" data-tooltip=\"Add To Cart\"><a href=\"?add-to-cart=5059\" aria-describedby=\"woocommerce_loop_add_to_cart_link_describedby_5059\" data-quantity=\"1\" class=\"wdt-button too-small button product_type_simple add_to_cart_button ajax_add_to_cart\" data-product_id=\"5059\" data-product_sku=\"039\" aria-label=\"Add to cart: &ldquo;Joana bag white&rdquo;\" rel=\"nofollow\" data-success_message=\"&ldquo;Joana bag white&rdquo; has been added to your cart\">Add to cart<\/a>\t<span id=\"woocommerce_loop_add_to_cart_link_describedby_5059\" class=\"wdt-button too-small screen-reader-text\">\n\t\t\t<\/span>\n<\/div><\/div><\/div><\/div><\/div><div class=\"product-details\"><div class=\"product-category-wrapper\"><a href=\"https:\/\/saonajoies.com\/en\/product-category\/bags\/\" rel=\"tag\">Bags<\/a><\/div><div class=\"product-title\"><h5><a href=\"https:\/\/saonajoies.com\/en\/product\/joana-bag-white\/\">Joana bag white<\/a><\/h5><\/div><div class=\"product-price\"><span class=\"price\"><del aria-hidden=\"true\"><span class=\"woocommerce-Price-amount amount\"><bdi>80,00&nbsp;<span class=\"woocommerce-Price-currencySymbol\">&euro;<\/span><\/bdi><\/span><\/del> <span class=\"screen-reader-text\">Original price was: 80,00&nbsp;&euro;.<\/span><ins aria-hidden=\"true\"><span class=\"woocommerce-Price-amount amount\"><bdi>64,00&nbsp;<span class=\"woocommerce-Price-currencySymbol\">&euro;<\/span><\/bdi><\/span><\/ins><span class=\"screen-reader-text\">Current price is: 64,00&nbsp;&euro;.<\/span><\/span><\/div><\/div><\/div><\/div><\/li>\n<li class=\"product-grid-view product type-product post-5061 status-publish outofstock product_cat-bags product_tag-bags has-post-thumbnail shipping-taxable purchasable product-type-simple\">\n\t<div class=\"wdt-col wdt-col-xs-12 wdt-col-sm-6 wdt-col-md-6 wdt-col-qxlg-4 wdt-col-hxlg-3 wdt-col-lg-3\"><div class=\"product-wrapper\" ><div class=\"product-thumb\"><a class=\"image\" href=\"https:\/\/saonajoies.com\/en\/product\/joana-bag-navy\/\" title=\"Joana bag navy\"><div class=\"product-thumb-overlay\" ><\/div><div class=\"product-labels\"><span class=\"out-of-stock\"><span>Sold Out<\/span><\/span><\/div><div class=\"primary-image\"><img decoding=\"async\" src=\"https:\/\/saonajoies.com\/wp-content\/uploads\/2025\/02\/bossa-cel-1000x1000.jpg\" alt=\"Shop Primary Image\" title=\"Shop Primary Image\" \/><\/div><\/a><div class=\"product-thumb-content\" ><div class=\"product-buttons-wrapper product-icons\"><div class=\"wc_inline_buttons\"><div class=\"wcqv_btn_wrapper wc_btn_inline\" data-tooltip=\"Quick View\"><a href=\"#\" class=\"button yith-wcqv-button\" data-product_id=\"5061\">Quick View<\/a><\/div><\/div><\/div><div class=\"product-buttons-wrapper product-button\"><div class=\"wc_inline_buttons\"><div class=\"wcct_btn_wrapper wc_btn_inline\" data-tooltip=\"Add To Cart\"><a href=\"https:\/\/saonajoies.com\/en\/product\/joana-bag-navy\/\" aria-describedby=\"woocommerce_loop_add_to_cart_link_describedby_5061\" data-quantity=\"1\" class=\"wdt-button too-small button product_type_simple\" data-product_id=\"5061\" data-product_sku=\"038\" aria-label=\"Read more about &ldquo;Joana bag navy&rdquo;\" rel=\"nofollow\" data-success_message=\"\">Read more<\/a>\t<span id=\"woocommerce_loop_add_to_cart_link_describedby_5061\" class=\"wdt-button too-small screen-reader-text\">\n\t\t\t<\/span>\n<\/div><\/div><\/div><\/div><\/div><div class=\"product-details\"><div class=\"product-category-wrapper\"><a href=\"https:\/\/saonajoies.com\/en\/product-category\/bags\/\" rel=\"tag\">Bags<\/a><\/div><div class=\"product-title\"><h5><a href=\"https:\/\/saonajoies.com\/en\/product\/joana-bag-navy\/\">Joana bag navy<\/a><\/h5><\/div><div class=\"product-price\"><span class=\"price\"><span class=\"woocommerce-Price-amount amount\"><bdi>80,00&nbsp;<span class=\"woocommerce-Price-currencySymbol\">&euro;<\/span><\/bdi><\/span><\/span><\/div><\/div><\/div><\/div><\/li>\n<li class=\"product-grid-view product type-product post-5063 status-publish last instock product_cat-bags product_tag-bags has-post-thumbnail sale shipping-taxable purchasable product-type-simple\">\n\t<div class=\"wdt-col wdt-col-xs-12 wdt-col-sm-6 wdt-col-md-6 wdt-col-qxlg-4 wdt-col-hxlg-3 wdt-col-lg-3\"><div class=\"product-wrapper\" ><div class=\"product-thumb\"><a class=\"image\" href=\"https:\/\/saonajoies.com\/en\/product\/joana-small-linen-bag-holes\/\" title=\"Joana small linen bag holes\"><div class=\"product-thumb-overlay\" ><\/div><div class=\"product-labels\"><span class=\"onsale\"><span>Sale<\/span><\/span><\/div><div class=\"product-offers\"><span class=\"product-saved-sale\"><span>20%<\/span> off<\/span><\/div><div class=\"primary-image\"><img decoding=\"async\" src=\"https:\/\/saonajoies.com\/wp-content\/uploads\/2025\/02\/bolso-joana-agujeros-1000x1000.jpg\" alt=\"Shop Primary Image\" title=\"Shop Primary Image\" \/><\/div><\/a><div class=\"product-thumb-content\" ><div class=\"product-buttons-wrapper product-icons\"><div class=\"wc_inline_buttons\"><div class=\"wcqv_btn_wrapper wc_btn_inline\" data-tooltip=\"Quick View\"><a href=\"#\" class=\"button yith-wcqv-button\" data-product_id=\"5063\">Quick View<\/a><\/div><\/div><\/div><div class=\"product-buttons-wrapper product-button\"><div class=\"wc_inline_buttons\"><div class=\"wcct_btn_wrapper wc_btn_inline\" data-tooltip=\"Add To Cart\"><a href=\"?add-to-cart=5063\" aria-describedby=\"woocommerce_loop_add_to_cart_link_describedby_5063\" data-quantity=\"1\" class=\"wdt-button too-small button product_type_simple add_to_cart_button ajax_add_to_cart\" data-product_id=\"5063\" data-product_sku=\"037\" aria-label=\"Add to cart: &ldquo;Joana small linen bag holes&rdquo;\" rel=\"nofollow\" data-success_message=\"&ldquo;Joana small linen bag holes&rdquo; has been added to your cart\">Add to cart<\/a>\t<span id=\"woocommerce_loop_add_to_cart_link_describedby_5063\" class=\"wdt-button too-small screen-reader-text\">\n\t\t\t<\/span>\n<\/div><\/div><\/div><\/div><\/div><div class=\"product-details\"><div class=\"product-category-wrapper\"><a href=\"https:\/\/saonajoies.com\/en\/product-category\/bags\/\" rel=\"tag\">Bags<\/a><\/div><div class=\"product-title\"><h5><a href=\"https:\/\/saonajoies.com\/en\/product\/joana-small-linen-bag-holes\/\">Joana small linen bag holes<\/a><\/h5><\/div><div class=\"product-price\"><span class=\"price\"><del aria-hidden=\"true\"><span class=\"woocommerce-Price-amount amount\"><bdi>40,00&nbsp;<span class=\"woocommerce-Price-currencySymbol\">&euro;<\/span><\/bdi><\/span><\/del> <span class=\"screen-reader-text\">Original price was: 40,00&nbsp;&euro;.<\/span><ins aria-hidden=\"true\"><span class=\"woocommerce-Price-amount amount\"><bdi>32,00&nbsp;<span class=\"woocommerce-Price-currencySymbol\">&euro;<\/span><\/bdi><\/span><\/ins><span class=\"screen-reader-text\">Current price is: 32,00&nbsp;&euro;.<\/span><\/span><\/div><\/div><\/div><\/div><\/li>\n<li class=\"product-grid-view product type-product post-5068 status-publish first instock product_cat-bags product_tag-bags has-post-thumbnail sale shipping-taxable purchasable product-type-variable\">\n\t<div class=\"wdt-col wdt-col-xs-12 wdt-col-sm-6 wdt-col-md-6 wdt-col-qxlg-4 wdt-col-hxlg-3 wdt-col-lg-3\"><div class=\"product-wrapper\" ><div class=\"product-thumb\"><a class=\"image\" href=\"https:\/\/saonajoies.com\/en\/product\/joana-linen-bag\/\" title=\"Joana linen bag\"><div class=\"product-thumb-overlay\" ><\/div><div class=\"product-labels\"><span class=\"onsale\"><span>Sale<\/span><\/span><\/div><div class=\"primary-image\"><img decoding=\"async\" src=\"https:\/\/saonajoies.com\/wp-content\/uploads\/2025\/01\/SAONA_handmade-joana-lli-1000x1000.jpg\" alt=\"Shop Primary Image\" title=\"Shop Primary Image\" \/><\/div><\/a><div class=\"product-thumb-content\" ><div class=\"product-buttons-wrapper product-icons\"><div class=\"wc_inline_buttons\"><div class=\"wcqv_btn_wrapper wc_btn_inline\" data-tooltip=\"Quick View\"><a href=\"#\" class=\"button yith-wcqv-button\" data-product_id=\"5068\">Quick View<\/a><\/div><\/div><\/div><div class=\"product-buttons-wrapper product-button\"><div class=\"wc_inline_buttons\"><div class=\"wcct_btn_wrapper wc_btn_inline\" data-tooltip=\"Add To Cart\"><a href=\"https:\/\/saonajoies.com\/en\/product\/joana-linen-bag\/\" aria-describedby=\"woocommerce_loop_add_to_cart_link_describedby_5068\" data-quantity=\"1\" class=\"wdt-button too-small button product_type_variable add_to_cart_button\" data-product_id=\"5068\" data-product_sku=\"035\" aria-label=\"Select options for &ldquo;Joana linen bag&rdquo;\" rel=\"nofollow\">Select options<\/a>\t<span id=\"woocommerce_loop_add_to_cart_link_describedby_5068\" class=\"wdt-button too-small screen-reader-text\">\n\t\tThis product has multiple variants. The options may be chosen on the product page\t<\/span>\n<\/div><\/div><\/div><\/div><\/div><div class=\"product-details\"><div class=\"product-category-wrapper\"><a href=\"https:\/\/saonajoies.com\/en\/product-category\/bags\/\" rel=\"tag\">Bags<\/a><\/div><div class=\"product-title\"><h5><a href=\"https:\/\/saonajoies.com\/en\/product\/joana-linen-bag\/\">Joana linen bag<\/a><\/h5><\/div><div class=\"product-price\"><span class=\"price\"><span class=\"woocommerce-Price-amount amount\"><bdi>32,00&nbsp;<span class=\"woocommerce-Price-currencySymbol\">&euro;<\/span><\/bdi><\/span> &ndash; <span class=\"woocommerce-Price-amount amount\"><bdi>64,00&nbsp;<span class=\"woocommerce-Price-currencySymbol\">&euro;<\/span><\/bdi><\/span><\/span><\/div><\/div><\/div><\/div><\/li>\n<li class=\"product-grid-view product type-product post-5073 status-publish outofstock product_cat-bags product_tag-bags has-post-thumbnail featured shipping-taxable purchasable product-type-simple\">\n\t<div class=\"wdt-col wdt-col-xs-12 wdt-col-sm-6 wdt-col-md-6 wdt-col-qxlg-4 wdt-col-hxlg-3 wdt-col-lg-3\"><div class=\"product-wrapper\" ><div class=\"product-thumb\"><div class=\"featured-tag\">\r\n\t\t\t\t\t\t\t\t\t<div>\r\n\t\t\t\t\t\t\t\t\t\t<i class=\"wdticon-thumb-tack\"><\/i>\r\n\t\t\t\t\t\t\t\t\t\t<span>Featured<\/span>\r\n\t\t\t\t\t\t\t\t\t<\/div>\r\n\t\t\t\t\t\t\t\t<\/div><a class=\"image\" href=\"https:\/\/saonajoies.com\/en\/product\/joana-bag-light-bue\/\" title=\"Joana bag light bue\"><div class=\"product-thumb-overlay\" ><\/div><div class=\"product-labels\"><span class=\"out-of-stock\"><span>Sold Out<\/span><\/span><\/div><div class=\"primary-image\"><img decoding=\"async\" src=\"https:\/\/saonajoies.com\/wp-content\/uploads\/2025\/01\/bossa-cel-02-1000x1000.jpg\" alt=\"Shop Primary Image\" title=\"Shop Primary Image\" \/><\/div><\/a><div class=\"product-thumb-content\" ><div class=\"product-buttons-wrapper product-icons\"><div class=\"wc_inline_buttons\"><div class=\"wcqv_btn_wrapper wc_btn_inline\" data-tooltip=\"Quick View\"><a href=\"#\" class=\"button yith-wcqv-button\" data-product_id=\"5073\">Quick View<\/a><\/div><\/div><\/div><div class=\"product-buttons-wrapper product-button\"><div class=\"wc_inline_buttons\"><div class=\"wcct_btn_wrapper wc_btn_inline\" data-tooltip=\"Add To Cart\"><a href=\"https:\/\/saonajoies.com\/en\/product\/joana-bag-light-bue\/\" aria-describedby=\"woocommerce_loop_add_to_cart_link_describedby_5073\" data-quantity=\"1\" class=\"wdt-button too-small button product_type_simple\" data-product_id=\"5073\" data-product_sku=\"036\" aria-label=\"Read more about &ldquo;Joana bag light bue&rdquo;\" rel=\"nofollow\" data-success_message=\"\">Read more<\/a>\t<span id=\"woocommerce_loop_add_to_cart_link_describedby_5073\" class=\"wdt-button too-small screen-reader-text\">\n\t\t\t<\/span>\n<\/div><\/div><\/div><\/div><\/div><div class=\"product-details\"><div class=\"product-category-wrapper\"><a href=\"https:\/\/saonajoies.com\/en\/product-category\/bags\/\" rel=\"tag\">Bags<\/a><\/div><div class=\"product-title\"><h5><a href=\"https:\/\/saonajoies.com\/en\/product\/joana-bag-light-bue\/\">Joana bag light bue<\/a><\/h5><\/div><div class=\"product-price\"><span class=\"price\"><span class=\"woocommerce-Price-amount amount\"><bdi>80,00&nbsp;<span class=\"woocommerce-Price-currencySymbol\">&euro;<\/span><\/bdi><\/span><\/span><\/div><\/div><\/div><\/div><\/li>\n<\/ul><\/div>\t\t\t\t<\/div>\n\t\t\t\t<\/div>\n\t\t\t\t\t<\/div>\n\t\t\t\t<\/div>\n\t\t\t\t<\/div>\n\t\t","protected":false},"excerpt":{"rendered":"<p>workshops Create your own jewelry by hand in Mallorca available workshops Choose the date that suits you best or a gift voucher valid throughout 2025 Quick ViewA\u00f1adir al carrito Bolsos Bolsa Joana Turquesa 80,00&nbsp;&euro; Quick ViewA\u00f1adir al carrito Bolsos Bolsa Joana Crudo 80,00&nbsp;&euro; Quick ViewA\u00f1adir al carrito Bolsos Bolsa Joana Azul Marino 80,00&nbsp;&euro; Quick ViewA\u00f1adir [&hellip;]<\/p>\n","protected":false},"author":2,"featured_media":0,"parent":0,"menu_order":0,"comment_status":"closed","ping_status":"closed","template":"elementor_header_footer","meta":{"footnotes":""},"class_list":["post-6351","page","type-page","status-publish","hentry"],"aioseo_notices":[],"_links":{"self":[{"href":"https:\/\/saonajoies.com\/en\/wp-json\/wp\/v2\/pages\/6351","targetHints":{"allow":["GET"]}}],"collection":[{"href":"https:\/\/saonajoies.com\/en\/wp-json\/wp\/v2\/pages"}],"about":[{"href":"https:\/\/saonajoies.com\/en\/wp-json\/wp\/v2\/types\/page"}],"author":[{"embeddable":true,"href":"https:\/\/saonajoies.com\/en\/wp-json\/wp\/v2\/users\/2"}],"replies":[{"embeddable":true,"href":"https:\/\/saonajoies.com\/en\/wp-json\/wp\/v2\/comments?post=6351"}],"version-history":[{"count":10,"href":"https:\/\/saonajoies.com\/en\/wp-json\/wp\/v2\/pages\/6351\/revisions"}],"predecessor-version":[{"id":6499,"href":"https:\/\/saonajoies.com\/en\/wp-json\/wp\/v2\/pages\/6351\/revisions\/6499"}],"wp:attachment":[{"href":"https:\/\/saonajoies.com\/en\/wp-json\/wp\/v2\/media?parent=6351"}],"curies":[{"name":"wp","href":"https:\/\/api.w.org\/{rel}","templated":true}]}}